{"id":26,"date":"2025-05-13T11:12:50","date_gmt":"2025-05-13T09:12:50","guid":{"rendered":"https:\/\/www.donboscoverviers.be\/?page_id=26"},"modified":"2025-05-13T13:46:37","modified_gmt":"2025-05-13T11:46:37","slug":"cpms-contact","status":"publish","type":"page","link":"https:\/\/www.donboscoverviers.be\/?page_id=26","title":{"rendered":"CPMS-CONTACT"},"content":{"rendered":"\n<p>Nous tenons \u00e0 vous rappeler que nous restons joignables en tant que CPMS pour vous, les \u00e9l\u00e8ves et les parents. Pour rappel, voici nos num\u00e9ros de t\u00e9l\u00e9phone ainsi que nos adresses mails:<\/p>\n\n\n\n<h4 class=\"wp-block-heading\">Audrey LIBIOUL:<br><a href=\"mailto:audrey.libioul@donboscoverviers.be\">audrey.libioul@donboscoverviers.be<\/a><br>0486.41.31.92<\/h4>\n\n\n\n<h4 class=\"wp-block-heading\">Sophie DEMELENNE:<br><a href=\"mailto:sophie.demelenne@donboscoverviers.be\">sophie.demelenne@donboscoverviers.be<\/a><br>0499.75.04.16<\/h4>\n\n\n\n<p>Vous remarquerez aussi qu\u2019un onglet PMS a \u00e9t\u00e9 cr\u00e9\u00e9 sur le site internet. Nous publierons quelques documents utiles. Par exemple, nous avons cr\u00e9\u00e9 un petit dossier orientation pour les \u00e9l\u00e8ves en fin de parcours scolaire. Cela ne remplace \u00e9videmment pas les rencontres et les portes ouvertes mais cela permet de se lancer dans la r\u00e9flexion. N\u2019h\u00e9sitez pas \u00e0 les consulter!<\/p>\n\n\n\n<p><\/p>\n\n\n\n<p><\/p>\n","protected":false},"excerpt":{"rendered":"<p>Nous tenons \u00e0 vous rappeler que nous restons joignables en tant que CPMS pour vous, les \u00e9l\u00e8ves et les parents. Pour rappel, voici nos num\u00e9ros de t\u00e9l\u00e9phone ainsi que nos adresses mails: Audrey LIBIOUL:audrey.libioul@donboscoverviers.be0486.41.31.92 Sophie DEMELENNE:sophie.demelenne@donboscoverviers.be0499.75.04.16 Vous remarquerez aussi qu\u2019un onglet PMS a \u00e9t\u00e9 cr\u00e9\u00e9 sur le site internet. Nous publierons quelques documents utiles. Par exemple, nous avons cr\u00e9\u00e9 un petit dossier orientation pour les \u00e9l\u00e8ves en fin de parcours scolaire. Cela ne remplace \u00e9videmment pas les rencontres et les portes ouvertes mais cela permet de se lancer dans la r\u00e9flexion. N\u2019h\u00e9sitez pas \u00e0 les consulter!<\/p>\n","protected":false},"author":1,"featured_media":0,"parent":0,"menu_order":0,"comment_status":"closed","ping_status":"closed","template":"","meta":{"footnotes":""},"class_list":["post-26","page","type-page","status-publish","hentry"],"mb":[],"yoast_head":"<!-- This site is optimized with the Yoast SEO plugin v25.7 - https:\/\/yoast.com\/wordpress\/plugins\/seo\/ -->\n<title>CPMS-CONTACT - Institut Don Bosco Verviers<\/title>\n<meta name=\"robots\" content=\"index, follow, max-snippet:-1, max-image-preview:large, max-video-preview:-1\" \/>\n<link rel=\"canonical\" href=\"https:\/\/www.donboscoverviers.be\/?page_id=26\" \/>\n<meta property=\"og:locale\" content=\"fr_FR\" \/>\n<meta property=\"og:type\" content=\"article\" \/>\n<meta property=\"og:title\" content=\"CPMS-CONTACT - Institut Don Bosco Verviers\" \/>\n<meta property=\"og:description\" content=\"Nous tenons \u00e0 vous rappeler que nous restons joignables en tant que CPMS pour vous, les \u00e9l\u00e8ves et les parents. Pour rappel, voici nos num\u00e9ros de t\u00e9l\u00e9phone ainsi que nos adresses mails: Audrey LIBIOUL:audrey.libioul@donboscoverviers.be0486.41.31.92 Sophie DEMELENNE:sophie.demelenne@donboscoverviers.be0499.75.04.16 Vous remarquerez aussi qu\u2019un onglet PMS a \u00e9t\u00e9 cr\u00e9\u00e9 sur le site internet. Nous publierons quelques documents utiles. Par exemple, nous avons cr\u00e9\u00e9 un petit dossier orientation pour les \u00e9l\u00e8ves en fin de parcours scolaire. Cela ne remplace \u00e9videmment pas les rencontres et les portes ouvertes mais cela permet de se lancer dans la r\u00e9flexion. N\u2019h\u00e9sitez pas \u00e0 les consulter!\" \/>\n<meta property=\"og:url\" content=\"https:\/\/www.donboscoverviers.be\/?page_id=26\" \/>\n<meta property=\"og:site_name\" content=\"Institut Don Bosco Verviers\" \/>\n<meta property=\"article:publisher\" content=\"https:\/\/www.facebook.com\/donboscoverviers\/\" \/>\n<meta property=\"article:modified_time\" content=\"2025-05-13T11:46:37+00:00\" \/>\n<meta name=\"twitter:card\" content=\"summary_large_image\" \/>\n<meta name=\"twitter:label1\" content=\"Dur\u00e9e de lecture est.\" \/>\n\t<meta name=\"twitter:data1\" content=\"1 minute\" \/>\n<script type=\"application\/ld+json\" class=\"yoast-schema-graph\">{\"@context\":\"https:\/\/schema.org\",\"@graph\":[{\"@type\":\"WebPage\",\"@id\":\"https:\/\/www.donboscoverviers.be\/?page_id=26\",\"url\":\"https:\/\/www.donboscoverviers.be\/?page_id=26\",\"name\":\"CPMS-CONTACT - Institut Don Bosco Verviers\",\"isPartOf\":{\"@id\":\"https:\/\/www.donboscoverviers.be\/#website\"},\"datePublished\":\"2025-05-13T09:12:50+00:00\",\"dateModified\":\"2025-05-13T11:46:37+00:00\",\"breadcrumb\":{\"@id\":\"https:\/\/www.donboscoverviers.be\/?page_id=26#breadcrumb\"},\"inLanguage\":\"fr-BE\",\"potentialAction\":[{\"@type\":\"ReadAction\",\"target\":[\"https:\/\/www.donboscoverviers.be\/?page_id=26\"]}]},{\"@type\":\"BreadcrumbList\",\"@id\":\"https:\/\/www.donboscoverviers.be\/?page_id=26#breadcrumb\",\"itemListElement\":[{\"@type\":\"ListItem\",\"position\":1,\"name\":\"Accueil\",\"item\":\"https:\/\/www.donboscoverviers.be\/\"},{\"@type\":\"ListItem\",\"position\":2,\"name\":\"CPMS-CONTACT\"}]},{\"@type\":\"WebSite\",\"@id\":\"https:\/\/www.donboscoverviers.be\/#website\",\"url\":\"https:\/\/www.donboscoverviers.be\/\",\"name\":\"Institut Don Bosco Verviers\",\"description\":\"\",\"publisher\":{\"@id\":\"https:\/\/www.donboscoverviers.be\/#organization\"},\"potentialAction\":[{\"@type\":\"SearchAction\",\"target\":{\"@type\":\"EntryPoint\",\"urlTemplate\":\"https:\/\/www.donboscoverviers.be\/?s={search_term_string}\"},\"query-input\":{\"@type\":\"PropertyValueSpecification\",\"valueRequired\":true,\"valueName\":\"search_term_string\"}}],\"inLanguage\":\"fr-BE\"},{\"@type\":\"Organization\",\"@id\":\"https:\/\/www.donboscoverviers.be\/#organization\",\"name\":\"Institut Don Bosco Verviers\",\"url\":\"https:\/\/www.donboscoverviers.be\/\",\"logo\":{\"@type\":\"ImageObject\",\"inLanguage\":\"fr-BE\",\"@id\":\"https:\/\/www.donboscoverviers.be\/#\/schema\/logo\/image\/\",\"url\":\"https:\/\/www.donboscoverviers.be\/wp-content\/uploads\/2025\/05\/images.png\",\"contentUrl\":\"https:\/\/www.donboscoverviers.be\/wp-content\/uploads\/2025\/05\/images.png\",\"width\":218,\"height\":168,\"caption\":\"Institut Don Bosco Verviers\"},\"image\":{\"@id\":\"https:\/\/www.donboscoverviers.be\/#\/schema\/logo\/image\/\"},\"sameAs\":[\"https:\/\/www.facebook.com\/donboscoverviers\/\",\"https:\/\/www.instagram.com\/donboscoverviers\/\",\"https:\/\/www.youtube.com\/channel\/UCCj_SB_Psb_AzTCYJaMPZrg\"]}]}<\/script>\n<!-- \/ Yoast SEO plugin. -->","yoast_head_json":{"title":"CPMS-CONTACT - Institut Don Bosco Verviers","robots":{"index":"index","follow":"follow","max-snippet":"max-snippet:-1","max-image-preview":"max-image-preview:large","max-video-preview":"max-video-preview:-1"},"canonical":"https:\/\/www.donboscoverviers.be\/?page_id=26","og_locale":"fr_FR","og_type":"article","og_title":"CPMS-CONTACT - Institut Don Bosco Verviers","og_description":"Nous tenons \u00e0 vous rappeler que nous restons joignables en tant que CPMS pour vous, les \u00e9l\u00e8ves et les parents. Pour rappel, voici nos num\u00e9ros de t\u00e9l\u00e9phone ainsi que nos adresses mails: Audrey LIBIOUL:audrey.libioul@donboscoverviers.be0486.41.31.92 Sophie DEMELENNE:sophie.demelenne@donboscoverviers.be0499.75.04.16 Vous remarquerez aussi qu\u2019un onglet PMS a \u00e9t\u00e9 cr\u00e9\u00e9 sur le site internet. Nous publierons quelques documents utiles. Par exemple, nous avons cr\u00e9\u00e9 un petit dossier orientation pour les \u00e9l\u00e8ves en fin de parcours scolaire. Cela ne remplace \u00e9videmment pas les rencontres et les portes ouvertes mais cela permet de se lancer dans la r\u00e9flexion. N\u2019h\u00e9sitez pas \u00e0 les consulter!","og_url":"https:\/\/www.donboscoverviers.be\/?page_id=26","og_site_name":"Institut Don Bosco Verviers","article_publisher":"https:\/\/www.facebook.com\/donboscoverviers\/","article_modified_time":"2025-05-13T11:46:37+00:00","twitter_card":"summary_large_image","twitter_misc":{"Dur\u00e9e de lecture est.":"1 minute"},"schema":{"@context":"https:\/\/schema.org","@graph":[{"@type":"WebPage","@id":"https:\/\/www.donboscoverviers.be\/?page_id=26","url":"https:\/\/www.donboscoverviers.be\/?page_id=26","name":"CPMS-CONTACT - Institut Don Bosco Verviers","isPartOf":{"@id":"https:\/\/www.donboscoverviers.be\/#website"},"datePublished":"2025-05-13T09:12:50+00:00","dateModified":"2025-05-13T11:46:37+00:00","breadcrumb":{"@id":"https:\/\/www.donboscoverviers.be\/?page_id=26#breadcrumb"},"inLanguage":"fr-BE","potentialAction":[{"@type":"ReadAction","target":["https:\/\/www.donboscoverviers.be\/?page_id=26"]}]},{"@type":"BreadcrumbList","@id":"https:\/\/www.donboscoverviers.be\/?page_id=26#breadcrumb","itemListElement":[{"@type":"ListItem","position":1,"name":"Accueil","item":"https:\/\/www.donboscoverviers.be\/"},{"@type":"ListItem","position":2,"name":"CPMS-CONTACT"}]},{"@type":"WebSite","@id":"https:\/\/www.donboscoverviers.be\/#website","url":"https:\/\/www.donboscoverviers.be\/","name":"Institut Don Bosco Verviers","description":"","publisher":{"@id":"https:\/\/www.donboscoverviers.be\/#organization"},"potentialAction":[{"@type":"SearchAction","target":{"@type":"EntryPoint","urlTemplate":"https:\/\/www.donboscoverviers.be\/?s={search_term_string}"},"query-input":{"@type":"PropertyValueSpecification","valueRequired":true,"valueName":"search_term_string"}}],"inLanguage":"fr-BE"},{"@type":"Organization","@id":"https:\/\/www.donboscoverviers.be\/#organization","name":"Institut Don Bosco Verviers","url":"https:\/\/www.donboscoverviers.be\/","logo":{"@type":"ImageObject","inLanguage":"fr-BE","@id":"https:\/\/www.donboscoverviers.be\/#\/schema\/logo\/image\/","url":"https:\/\/www.donboscoverviers.be\/wp-content\/uploads\/2025\/05\/images.png","contentUrl":"https:\/\/www.donboscoverviers.be\/wp-content\/uploads\/2025\/05\/images.png","width":218,"height":168,"caption":"Institut Don Bosco Verviers"},"image":{"@id":"https:\/\/www.donboscoverviers.be\/#\/schema\/logo\/image\/"},"sameAs":["https:\/\/www.facebook.com\/donboscoverviers\/","https:\/\/www.instagram.com\/donboscoverviers\/","https:\/\/www.youtube.com\/channel\/UCCj_SB_Psb_AzTCYJaMPZrg"]}]}},"mfb_rest_fields":["title","yoast_head","yoast_head_json","gutenberg_elementor_mode"],"_links":{"self":[{"href":"https:\/\/www.donboscoverviers.be\/index.php?rest_route=\/wp\/v2\/pages\/26","targetHints":{"allow":["GET"]}}],"collection":[{"href":"https:\/\/www.donboscoverviers.be\/index.php?rest_route=\/wp\/v2\/pages"}],"about":[{"href":"https:\/\/www.donboscoverviers.be\/index.php?rest_route=\/wp\/v2\/types\/page"}],"author":[{"embeddable":true,"href":"https:\/\/www.donboscoverviers.be\/index.php?rest_route=\/wp\/v2\/users\/1"}],"replies":[{"embeddable":true,"href":"https:\/\/www.donboscoverviers.be\/index.php?rest_route=%2Fwp%2Fv2%2Fcomments&post=26"}],"version-history":[{"count":7,"href":"https:\/\/www.donboscoverviers.be\/index.php?rest_route=\/wp\/v2\/pages\/26\/revisions"}],"predecessor-version":[{"id":316,"href":"https:\/\/www.donboscoverviers.be\/index.php?rest_route=\/wp\/v2\/pages\/26\/revisions\/316"}],"wp:attachment":[{"href":"https:\/\/www.donboscoverviers.be\/index.php?rest_route=%2Fwp%2Fv2%2Fmedia&parent=26"}],"curies":[{"name":"wp","href":"https:\/\/api.w.org\/{rel}","templated":true}]}}