{"id":30,"date":"2025-05-13T11:19:17","date_gmt":"2025-05-13T09:19:17","guid":{"rendered":"https:\/\/www.donboscoverviers.be\/?page_id=30"},"modified":"2025-05-16T12:10:45","modified_gmt":"2025-05-16T10:10:45","slug":"1e-degre","status":"publish","type":"page","link":"https:\/\/www.donboscoverviers.be\/?page_id=30","title":{"rendered":"1E DEGR\u00c9"},"content":{"rendered":"\t\t<div data-elementor-type=\"wp-page\" data-elementor-id=\"30\" class=\"elementor elementor-30\">\n\t\t\t\t<div class=\"elementor-element elementor-element-6c695bc e-flex e-con-boxed e-con e-parent\" data-id=\"6c695bc\" data-element_type=\"container\">\n\t\t\t\t\t<div class=\"e-con-inner\">\n\t\t\t\t<div class=\"elementor-element elementor-element-c70bdb8 elementor-widget elementor-widget-text-editor\" data-id=\"c70bdb8\" data-element_type=\"widget\" data-widget_type=\"text-editor.default\">\n\t\t\t\t<div class=\"elementor-widget-container\">\n\t\t\t\t\t\t\t\t\t<p class=\"has-medium-font-size\">L\u2019institut Don Bosco Verviers propose l\u2019organisation d\u2019un premier degr\u00e9 diff\u00e9renci\u00e9, avec un programme de cours g\u00e9n\u00e9raux identique aux autres \u00e9coles pour l\u2019obtention du CEB en fin de 2\u00e8me diff\u00e9renci\u00e9e.<\/p>\n<p>Le premier degr\u00e9 \u00e0 Don Bosco Verviers permet aussi de d\u00e9couvrir les m\u00e9tiers propos\u00e9s au sein de l&rsquo;\u00e9cole (activit\u00e9s compl\u00e9mentaires).<\/p>\n<p>Parmi les autres atouts de l&rsquo;\u00e9cole dans le 1er degr\u00e9 :<\/p>\n<ul>\n<li>Tableaux interactifs<\/li>\n<li>Rem\u00e9diation<\/li>\n<li>Suivi des troubles d&rsquo;apprentissages<\/li>\n<li>Activit\u00e9s extra-scolaires<\/li>\n<\/ul>\t\t\t\t\t\t\t\t<\/div>\n\t\t\t\t<\/div>\n\t\t\t\t\t<\/div>\n\t\t\t\t<\/div>\n\t\t<div class=\"elementor-element elementor-element-8c35d1c e-flex e-con-boxed e-con e-parent\" data-id=\"8c35d1c\" data-element_type=\"container\">\n\t\t\t\t\t<div class=\"e-con-inner\">\n\t\t\t\t<div class=\"elementor-element elementor-element-d2ec82d elementor-widget elementor-widget-video\" data-id=\"d2ec82d\" data-element_type=\"widget\" data-settings=\"{&quot;youtube_url&quot;:&quot;https:\\\/\\\/www.youtube.com\\\/watch?v=edrWQeyGz6s&quot;,&quot;video_type&quot;:&quot;youtube&quot;,&quot;controls&quot;:&quot;yes&quot;}\" data-widget_type=\"video.default\">\n\t\t\t\t<div class=\"elementor-widget-container\">\n\t\t\t\t\t\t\t<div class=\"elementor-wrapper elementor-open-inline\">\n\t\t\t<div class=\"elementor-video\"><\/div>\t\t<\/div>\n\t\t\t\t\t\t<\/div>\n\t\t\t\t<\/div>\n\t\t\t\t\t<\/div>\n\t\t\t\t<\/div>\n\t\t<div class=\"elementor-element elementor-element-345b562c e-flex e-con-boxed e-con e-parent\" data-id=\"345b562c\" data-element_type=\"container\">\n\t\t\t\t\t<div class=\"e-con-inner\">\n\t\t\t\t<div class=\"elementor-element elementor-element-4dd8d2f4 elementor-widget elementor-widget-text-editor\" data-id=\"4dd8d2f4\" data-element_type=\"widget\" data-widget_type=\"text-editor.default\">\n\t\t\t\t<div class=\"elementor-widget-container\">\n\t\t\t\t\t\t\t\t\t<p class=\"has-medium-font-size\"><span style=\"color: #595959; font-family: 'PT Sans', sans-serif; font-size: 30px;\">Grilles horaires<\/span><\/p>\n<p><!-- \/wp:heading --><!-- wp:details --><\/p>\n<details class=\"wp-block-details\">\n<summary><a href=\"#degre-dobservation-premiere-annee-differenciee-1d\">DEGR\u00c9 D&rsquo;OBSERVATION PREMI\u00c8RE ANN\u00c9E DIFF\u00c9RENCI\u00c9E (1D)<\/a><\/summary>\n<p><!-- wp:image {\"id\":172,\"sizeSlug\":\"full\",\"linkDestination\":\"none\"} --><\/p>\n<figure class=\"wp-block-image size-full\"><img fetchpriority=\"high\" decoding=\"async\" width=\"776\" height=\"583\" class=\"wp-image-172\" src=\"https:\/\/www.donboscoverviers.be\/wp-content\/uploads\/2025\/05\/11.png\" alt=\"\" srcset=\"https:\/\/www.donboscoverviers.be\/wp-content\/uploads\/2025\/05\/11.png 776w, https:\/\/www.donboscoverviers.be\/wp-content\/uploads\/2025\/05\/11-300x225.png 300w, https:\/\/www.donboscoverviers.be\/wp-content\/uploads\/2025\/05\/11-768x577.png 768w\" sizes=\"(max-width: 776px) 100vw, 776px\" \/><\/figure>\n<p><!-- \/wp:image --><\/p>\n<\/details>\n<p><!-- \/wp:details --><!-- wp:details --><\/p>\n<details class=\"wp-block-details\">\n<summary><a href=\"#degre-dobservation-deuxieme-annee-differenciee-2d\">DEGR\u00c9 D&rsquo;OBSERVATION DEUXI\u00c8ME ANN\u00c9E DIFF\u00c9RENCI\u00c9E (2D)<\/a><\/summary>\n<p><!-- wp:image {\"id\":176,\"sizeSlug\":\"full\",\"linkDestination\":\"none\"} --><\/p>\n<figure class=\"wp-block-image size-full\"><img decoding=\"async\" width=\"776\" height=\"581\" class=\"wp-image-176\" src=\"https:\/\/www.donboscoverviers.be\/wp-content\/uploads\/2025\/05\/12.png\" alt=\"\" srcset=\"https:\/\/www.donboscoverviers.be\/wp-content\/uploads\/2025\/05\/12.png 776w, https:\/\/www.donboscoverviers.be\/wp-content\/uploads\/2025\/05\/12-300x225.png 300w, https:\/\/www.donboscoverviers.be\/wp-content\/uploads\/2025\/05\/12-768x575.png 768w\" sizes=\"(max-width: 776px) 100vw, 776px\" \/><\/figure>\n<p><!-- \/wp:image --><\/p>\n<\/details>\n<p><!-- \/wp:details --><\/p>\t\t\t\t\t\t\t\t<\/div>\n\t\t\t\t<\/div>\n\t\t\t\t\t<\/div>\n\t\t\t\t<\/div>\n\t\t\t\t<\/div>\n\t\t","protected":false},"excerpt":{"rendered":"<p>L\u2019institut Don Bosco Verviers propose l\u2019organisation d\u2019un premier degr\u00e9 diff\u00e9renci\u00e9, avec un programme de cours g\u00e9n\u00e9raux identique aux autres \u00e9coles pour l\u2019obtention du CEB en fin de 2\u00e8me diff\u00e9renci\u00e9e. Le premier degr\u00e9 \u00e0 Don Bosco Verviers permet aussi de d\u00e9couvrir les m\u00e9tiers propos\u00e9s au sein de l&rsquo;\u00e9cole (activit\u00e9s compl\u00e9mentaires). Parmi les autres atouts de l&rsquo;\u00e9cole dans le 1er degr\u00e9 : Tableaux interactifs Rem\u00e9diation Suivi des troubles d&rsquo;apprentissages Activit\u00e9s extra-scolaires https:\/\/www.youtube.com\/watch?v=edrWQeyGz6s Grilles horaires DEGR\u00c9 D&rsquo;OBSERVATION PREMI\u00c8RE ANN\u00c9E DIFF\u00c9RENCI\u00c9E (1D) DEGR\u00c9 D&rsquo;OBSERVATION DEUXI\u00c8ME ANN\u00c9E DIFF\u00c9RENCI\u00c9E (2D)<\/p>\n","protected":false},"author":1,"featured_media":0,"parent":0,"menu_order":0,"comment_status":"closed","ping_status":"closed","template":"","meta":{"footnotes":""},"class_list":["post-30","page","type-page","status-publish","hentry"],"mb":[],"yoast_head":"<!-- This site is optimized with the Yoast SEO plugin v25.7 - https:\/\/yoast.com\/wordpress\/plugins\/seo\/ -->\n<title>1E DEGR\u00c9 - Institut Don Bosco Verviers<\/title>\n<meta name=\"robots\" content=\"index, follow, max-snippet:-1, max-image-preview:large, max-video-preview:-1\" \/>\n<link rel=\"canonical\" href=\"https:\/\/www.donboscoverviers.be\/?page_id=30\" \/>\n<meta property=\"og:locale\" content=\"fr_FR\" \/>\n<meta property=\"og:type\" content=\"article\" \/>\n<meta property=\"og:title\" content=\"1E DEGR\u00c9 - Institut Don Bosco Verviers\" \/>\n<meta property=\"og:description\" content=\"L\u2019institut Don Bosco Verviers propose l\u2019organisation d\u2019un premier degr\u00e9 diff\u00e9renci\u00e9, avec un programme de cours g\u00e9n\u00e9raux identique aux autres \u00e9coles pour l\u2019obtention du CEB en fin de 2\u00e8me diff\u00e9renci\u00e9e. Le premier degr\u00e9 \u00e0 Don Bosco Verviers permet aussi de d\u00e9couvrir les m\u00e9tiers propos\u00e9s au sein de l&rsquo;\u00e9cole (activit\u00e9s compl\u00e9mentaires). Parmi les autres atouts de l&rsquo;\u00e9cole dans le 1er degr\u00e9 : Tableaux interactifs Rem\u00e9diation Suivi des troubles d&rsquo;apprentissages Activit\u00e9s extra-scolaires https:\/\/www.youtube.com\/watch?v=edrWQeyGz6s Grilles horaires DEGR\u00c9 D&rsquo;OBSERVATION PREMI\u00c8RE ANN\u00c9E DIFF\u00c9RENCI\u00c9E (1D) DEGR\u00c9 D&rsquo;OBSERVATION DEUXI\u00c8ME ANN\u00c9E DIFF\u00c9RENCI\u00c9E (2D)\" \/>\n<meta property=\"og:url\" content=\"https:\/\/www.donboscoverviers.be\/?page_id=30\" \/>\n<meta property=\"og:site_name\" content=\"Institut Don Bosco Verviers\" \/>\n<meta property=\"article:publisher\" content=\"https:\/\/www.facebook.com\/donboscoverviers\/\" \/>\n<meta property=\"article:modified_time\" content=\"2025-05-16T10:10:45+00:00\" \/>\n<meta property=\"og:image\" content=\"https:\/\/www.donboscoverviers.be\/wp-content\/uploads\/2025\/05\/11.png\" \/>\n\t<meta property=\"og:image:width\" content=\"776\" \/>\n\t<meta property=\"og:image:height\" content=\"583\" \/>\n\t<meta property=\"og:image:type\" content=\"image\/png\" \/>\n<meta name=\"twitter:card\" content=\"summary_large_image\" \/>\n<meta name=\"twitter:label1\" content=\"Dur\u00e9e de lecture est.\" \/>\n\t<meta name=\"twitter:data1\" content=\"1 minute\" \/>\n<script type=\"application\/ld+json\" class=\"yoast-schema-graph\">{\"@context\":\"https:\/\/schema.org\",\"@graph\":[{\"@type\":\"WebPage\",\"@id\":\"https:\/\/www.donboscoverviers.be\/?page_id=30\",\"url\":\"https:\/\/www.donboscoverviers.be\/?page_id=30\",\"name\":\"1E DEGR\u00c9 - Institut Don Bosco Verviers\",\"isPartOf\":{\"@id\":\"https:\/\/www.donboscoverviers.be\/#website\"},\"primaryImageOfPage\":{\"@id\":\"https:\/\/www.donboscoverviers.be\/?page_id=30#primaryimage\"},\"image\":{\"@id\":\"https:\/\/www.donboscoverviers.be\/?page_id=30#primaryimage\"},\"thumbnailUrl\":\"https:\/\/www.donboscoverviers.be\/wp-content\/uploads\/2025\/05\/11.png\",\"datePublished\":\"2025-05-13T09:19:17+00:00\",\"dateModified\":\"2025-05-16T10:10:45+00:00\",\"breadcrumb\":{\"@id\":\"https:\/\/www.donboscoverviers.be\/?page_id=30#breadcrumb\"},\"inLanguage\":\"fr-BE\",\"potentialAction\":[{\"@type\":\"ReadAction\",\"target\":[\"https:\/\/www.donboscoverviers.be\/?page_id=30\"]}]},{\"@type\":\"ImageObject\",\"inLanguage\":\"fr-BE\",\"@id\":\"https:\/\/www.donboscoverviers.be\/?page_id=30#primaryimage\",\"url\":\"https:\/\/www.donboscoverviers.be\/wp-content\/uploads\/2025\/05\/11.png\",\"contentUrl\":\"https:\/\/www.donboscoverviers.be\/wp-content\/uploads\/2025\/05\/11.png\",\"width\":776,\"height\":583},{\"@type\":\"BreadcrumbList\",\"@id\":\"https:\/\/www.donboscoverviers.be\/?page_id=30#breadcrumb\",\"itemListElement\":[{\"@type\":\"ListItem\",\"position\":1,\"name\":\"Accueil\",\"item\":\"https:\/\/www.donboscoverviers.be\/\"},{\"@type\":\"ListItem\",\"position\":2,\"name\":\"1E DEGR\u00c9\"}]},{\"@type\":\"WebSite\",\"@id\":\"https:\/\/www.donboscoverviers.be\/#website\",\"url\":\"https:\/\/www.donboscoverviers.be\/\",\"name\":\"Institut Don Bosco Verviers\",\"description\":\"\",\"publisher\":{\"@id\":\"https:\/\/www.donboscoverviers.be\/#organization\"},\"potentialAction\":[{\"@type\":\"SearchAction\",\"target\":{\"@type\":\"EntryPoint\",\"urlTemplate\":\"https:\/\/www.donboscoverviers.be\/?s={search_term_string}\"},\"query-input\":{\"@type\":\"PropertyValueSpecification\",\"valueRequired\":true,\"valueName\":\"search_term_string\"}}],\"inLanguage\":\"fr-BE\"},{\"@type\":\"Organization\",\"@id\":\"https:\/\/www.donboscoverviers.be\/#organization\",\"name\":\"Institut Don Bosco Verviers\",\"url\":\"https:\/\/www.donboscoverviers.be\/\",\"logo\":{\"@type\":\"ImageObject\",\"inLanguage\":\"fr-BE\",\"@id\":\"https:\/\/www.donboscoverviers.be\/#\/schema\/logo\/image\/\",\"url\":\"https:\/\/www.donboscoverviers.be\/wp-content\/uploads\/2025\/05\/images.png\",\"contentUrl\":\"https:\/\/www.donboscoverviers.be\/wp-content\/uploads\/2025\/05\/images.png\",\"width\":218,\"height\":168,\"caption\":\"Institut Don Bosco Verviers\"},\"image\":{\"@id\":\"https:\/\/www.donboscoverviers.be\/#\/schema\/logo\/image\/\"},\"sameAs\":[\"https:\/\/www.facebook.com\/donboscoverviers\/\",\"https:\/\/www.instagram.com\/donboscoverviers\/\",\"https:\/\/www.youtube.com\/channel\/UCCj_SB_Psb_AzTCYJaMPZrg\"]}]}<\/script>\n<!-- \/ Yoast SEO plugin. -->","yoast_head_json":{"title":"1E DEGR\u00c9 - Institut Don Bosco Verviers","robots":{"index":"index","follow":"follow","max-snippet":"max-snippet:-1","max-image-preview":"max-image-preview:large","max-video-preview":"max-video-preview:-1"},"canonical":"https:\/\/www.donboscoverviers.be\/?page_id=30","og_locale":"fr_FR","og_type":"article","og_title":"1E DEGR\u00c9 - Institut Don Bosco Verviers","og_description":"L\u2019institut Don Bosco Verviers propose l\u2019organisation d\u2019un premier degr\u00e9 diff\u00e9renci\u00e9, avec un programme de cours g\u00e9n\u00e9raux identique aux autres \u00e9coles pour l\u2019obtention du CEB en fin de 2\u00e8me diff\u00e9renci\u00e9e. Le premier degr\u00e9 \u00e0 Don Bosco Verviers permet aussi de d\u00e9couvrir les m\u00e9tiers propos\u00e9s au sein de l&rsquo;\u00e9cole (activit\u00e9s compl\u00e9mentaires). Parmi les autres atouts de l&rsquo;\u00e9cole dans le 1er degr\u00e9 : Tableaux interactifs Rem\u00e9diation Suivi des troubles d&rsquo;apprentissages Activit\u00e9s extra-scolaires https:\/\/www.youtube.com\/watch?v=edrWQeyGz6s Grilles horaires DEGR\u00c9 D&rsquo;OBSERVATION PREMI\u00c8RE ANN\u00c9E DIFF\u00c9RENCI\u00c9E (1D) DEGR\u00c9 D&rsquo;OBSERVATION DEUXI\u00c8ME ANN\u00c9E DIFF\u00c9RENCI\u00c9E (2D)","og_url":"https:\/\/www.donboscoverviers.be\/?page_id=30","og_site_name":"Institut Don Bosco Verviers","article_publisher":"https:\/\/www.facebook.com\/donboscoverviers\/","article_modified_time":"2025-05-16T10:10:45+00:00","og_image":[{"width":776,"height":583,"url":"https:\/\/www.donboscoverviers.be\/wp-content\/uploads\/2025\/05\/11.png","type":"image\/png"}],"twitter_card":"summary_large_image","twitter_misc":{"Dur\u00e9e de lecture est.":"1 minute"},"schema":{"@context":"https:\/\/schema.org","@graph":[{"@type":"WebPage","@id":"https:\/\/www.donboscoverviers.be\/?page_id=30","url":"https:\/\/www.donboscoverviers.be\/?page_id=30","name":"1E DEGR\u00c9 - Institut Don Bosco Verviers","isPartOf":{"@id":"https:\/\/www.donboscoverviers.be\/#website"},"primaryImageOfPage":{"@id":"https:\/\/www.donboscoverviers.be\/?page_id=30#primaryimage"},"image":{"@id":"https:\/\/www.donboscoverviers.be\/?page_id=30#primaryimage"},"thumbnailUrl":"https:\/\/www.donboscoverviers.be\/wp-content\/uploads\/2025\/05\/11.png","datePublished":"2025-05-13T09:19:17+00:00","dateModified":"2025-05-16T10:10:45+00:00","breadcrumb":{"@id":"https:\/\/www.donboscoverviers.be\/?page_id=30#breadcrumb"},"inLanguage":"fr-BE","potentialAction":[{"@type":"ReadAction","target":["https:\/\/www.donboscoverviers.be\/?page_id=30"]}]},{"@type":"ImageObject","inLanguage":"fr-BE","@id":"https:\/\/www.donboscoverviers.be\/?page_id=30#primaryimage","url":"https:\/\/www.donboscoverviers.be\/wp-content\/uploads\/2025\/05\/11.png","contentUrl":"https:\/\/www.donboscoverviers.be\/wp-content\/uploads\/2025\/05\/11.png","width":776,"height":583},{"@type":"BreadcrumbList","@id":"https:\/\/www.donboscoverviers.be\/?page_id=30#breadcrumb","itemListElement":[{"@type":"ListItem","position":1,"name":"Accueil","item":"https:\/\/www.donboscoverviers.be\/"},{"@type":"ListItem","position":2,"name":"1E DEGR\u00c9"}]},{"@type":"WebSite","@id":"https:\/\/www.donboscoverviers.be\/#website","url":"https:\/\/www.donboscoverviers.be\/","name":"Institut Don Bosco Verviers","description":"","publisher":{"@id":"https:\/\/www.donboscoverviers.be\/#organization"},"potentialAction":[{"@type":"SearchAction","target":{"@type":"EntryPoint","urlTemplate":"https:\/\/www.donboscoverviers.be\/?s={search_term_string}"},"query-input":{"@type":"PropertyValueSpecification","valueRequired":true,"valueName":"search_term_string"}}],"inLanguage":"fr-BE"},{"@type":"Organization","@id":"https:\/\/www.donboscoverviers.be\/#organization","name":"Institut Don Bosco Verviers","url":"https:\/\/www.donboscoverviers.be\/","logo":{"@type":"ImageObject","inLanguage":"fr-BE","@id":"https:\/\/www.donboscoverviers.be\/#\/schema\/logo\/image\/","url":"https:\/\/www.donboscoverviers.be\/wp-content\/uploads\/2025\/05\/images.png","contentUrl":"https:\/\/www.donboscoverviers.be\/wp-content\/uploads\/2025\/05\/images.png","width":218,"height":168,"caption":"Institut Don Bosco Verviers"},"image":{"@id":"https:\/\/www.donboscoverviers.be\/#\/schema\/logo\/image\/"},"sameAs":["https:\/\/www.facebook.com\/donboscoverviers\/","https:\/\/www.instagram.com\/donboscoverviers\/","https:\/\/www.youtube.com\/channel\/UCCj_SB_Psb_AzTCYJaMPZrg"]}]}},"mfb_rest_fields":["title","yoast_head","yoast_head_json","gutenberg_elementor_mode"],"_links":{"self":[{"href":"https:\/\/www.donboscoverviers.be\/index.php?rest_route=\/wp\/v2\/pages\/30","targetHints":{"allow":["GET"]}}],"collection":[{"href":"https:\/\/www.donboscoverviers.be\/index.php?rest_route=\/wp\/v2\/pages"}],"about":[{"href":"https:\/\/www.donboscoverviers.be\/index.php?rest_route=\/wp\/v2\/types\/page"}],"author":[{"embeddable":true,"href":"https:\/\/www.donboscoverviers.be\/index.php?rest_route=\/wp\/v2\/users\/1"}],"replies":[{"embeddable":true,"href":"https:\/\/www.donboscoverviers.be\/index.php?rest_route=%2Fwp%2Fv2%2Fcomments&post=30"}],"version-history":[{"count":18,"href":"https:\/\/www.donboscoverviers.be\/index.php?rest_route=\/wp\/v2\/pages\/30\/revisions"}],"predecessor-version":[{"id":505,"href":"https:\/\/www.donboscoverviers.be\/index.php?rest_route=\/wp\/v2\/pages\/30\/revisions\/505"}],"wp:attachment":[{"href":"https:\/\/www.donboscoverviers.be\/index.php?rest_route=%2Fwp%2Fv2%2Fmedia&parent=30"}],"curies":[{"name":"wp","href":"https:\/\/api.w.org\/{rel}","templated":true}]}}