{"id":59,"date":"2025-05-13T11:19:24","date_gmt":"2025-05-13T09:19:24","guid":{"rendered":"https:\/\/www.donboscoverviers.be\/?page_id=59"},"modified":"2025-05-13T14:14:13","modified_gmt":"2025-05-13T12:14:13","slug":"bois","status":"publish","type":"page","link":"https:\/\/www.donboscoverviers.be\/?page_id=59","title":{"rendered":"BOIS"},"content":{"rendered":"\n<h1 class=\"wp-block-heading has-large-font-size\">Les m\u00e9tiers du bois<\/h1>\n\n\n\n<p class=\"has-medium-font-size\"><strong>Technicien des industries du bois \u2013&nbsp;<\/strong>Technique de qualification<\/p>\n\n\n\n<p class=\"has-medium-font-size\"><strong>Menuisier d&rsquo;int\u00e9rieur et d&rsquo;ext\u00e9rieur \u2013&nbsp;<\/strong>Enseignement professionnel<\/p>\n\n\n\n<p class=\"has-medium-font-size\"><strong>Cuisiniste<\/strong>&nbsp;\u2013 7e ann\u00e9e professionnelle<\/p>\n\n\n\n<div class=\"wp-block-group is-layout-grid wp-container-core-group-is-layout-9649a0d9 wp-block-group-is-layout-grid\">\n<figure class=\"wp-block-embed is-type-video is-provider-youtube wp-block-embed-youtube wp-embed-aspect-16-9 wp-has-aspect-ratio wp-container-content-e29552f7\"><div class=\"wp-block-embed__wrapper\">\n<iframe title=\"Technicien des industries du bois\" width=\"500\" height=\"281\" src=\"https:\/\/www.youtube.com\/embed\/QYMSzgBbm8I?feature=oembed\" frameborder=\"0\" allow=\"accelerometer; autoplay; clipboard-write; encrypted-media; gyroscope; picture-in-picture; web-share\" referrerpolicy=\"strict-origin-when-cross-origin\" allowfullscreen><\/iframe>\n<\/div><\/figure>\n\n\n\n<figure class=\"wp-block-embed is-type-video is-provider-youtube wp-block-embed-youtube wp-embed-aspect-16-9 wp-has-aspect-ratio wp-container-content-e29552f7\"><div class=\"wp-block-embed__wrapper\">\n<iframe title=\"Don Bosco Verviers, ton ticket gagnant pour l\u2019emploi!\" width=\"500\" height=\"281\" src=\"https:\/\/www.youtube.com\/embed\/HvOneJCnuqA?feature=oembed\" frameborder=\"0\" allow=\"accelerometer; autoplay; clipboard-write; encrypted-media; gyroscope; picture-in-picture; web-share\" referrerpolicy=\"strict-origin-when-cross-origin\" allowfullscreen><\/iframe>\n<\/div><\/figure>\n<\/div>\n\n\n\n<h1 class=\"wp-block-heading\">Description<\/h1>\n\n\n\n<p><strong>Le menuisier est un artisan qui r\u00e9alise des ouvrages en bois pour le b\u00e2timent. Il r\u00e9alise et pose les portes et les fen\u00eatres, mais il s&rsquo;occupe aussi de l&rsquo;agencement int\u00e9rieur, des escaliers.<\/strong><\/p>\n\n\n<div class=\"wp-block-image\">\n<figure class=\"alignleft size-full is-resized\"><img fetchpriority=\"high\" decoding=\"async\" width=\"276\" height=\"183\" src=\"https:\/\/www.donboscoverviers.be\/wp-content\/uploads\/2025\/05\/1.jpg\" alt=\"\" class=\"wp-image-81\" style=\"width:471px;height:auto\"\/><\/figure>\n<\/div>\n\n\n<p>Il travaille essentiellement le bois m\u00eame si les avanc\u00e9es techniques ont permis l&rsquo;arriv\u00e9e de nouveaux mat\u00e9riaux : aluminium, PVC (polychlorure de vinyle), plastique, mat\u00e9riaux composite ou encore plexiglas.<\/p>\n\n\n\n<p><\/p>\n\n\n\n<p><\/p>\n\n\n\n<h1 class=\"wp-block-heading\">Le travail du bois en atelier <\/h1>\n\n\n<div class=\"wp-block-image\">\n<figure class=\"alignright size-full is-resized\"><img decoding=\"async\" width=\"800\" height=\"348\" src=\"https:\/\/www.donboscoverviers.be\/wp-content\/uploads\/2025\/05\/2-1.png\" alt=\"\" class=\"wp-image-86\" style=\"width:492px;height:auto\" srcset=\"https:\/\/www.donboscoverviers.be\/wp-content\/uploads\/2025\/05\/2-1.png 800w, https:\/\/www.donboscoverviers.be\/wp-content\/uploads\/2025\/05\/2-1-300x131.png 300w, https:\/\/www.donboscoverviers.be\/wp-content\/uploads\/2025\/05\/2-1-768x334.png 768w\" sizes=\"(max-width: 800px) 100vw, 800px\" \/><\/figure>\n<\/div>\n\n\n<p>Le travail du menuisier s&rsquo;effectue principalement en atelier o\u00f9 il choisit l&rsquo;essence de bois ad\u00e9quate, trace l&#8217;emplacement des pi\u00e8ces, les d\u00e9coupe puis les assemble suivant le plan de montage. Pour parvenir \u00e0 ses fins, il dispose d&rsquo;une large gamme d&rsquo;outils adapt\u00e9s aux n\u00e9cessit\u00e9s de son travail. Progr\u00e8s oblige, la menuiserie aujourd&rsquo;hui combine travail traditionnel sur mesure et travail \u00e0 partir d&rsquo;\u00e9l\u00e9ments r\u00e9alis\u00e9s industriellement. C&rsquo;est la raison pour laquelle on distingue trois grands types de menuisiers :<\/p>\n\n\n\n<p>le menuisier traditionnel r\u00e9alise des pi\u00e8ces (portes, escaliers,\u2026) sur mesure et en tenant compte de la disposition des lieux. Pour cela, il doit avoir pr\u00e9alablement fait des relev\u00e9s sur place et discut\u00e9 avec le client ou le ma\u00eetre d&rsquo;ouvrage (architecte, d\u00e9corateur ou autre). Certains artisans ou professionnels tr\u00e8s exp\u00e9riment\u00e9s sont d&rsquo;ailleurs fort appr\u00e9ci\u00e9s pour leur sens esth\u00e9tique et des volumes alli\u00e9 \u00e0 leur grande technicit\u00e9.<br>le menuisier industriel r\u00e9alise des \u00e9l\u00e9ments en plus ou moins grandes s\u00e9ries. Il b\u00e9n\u00e9ficie g\u00e9n\u00e9ralement d&rsquo;un outillage plus important et plus sophistiqu\u00e9 que le menuisier traditionnel et il travaille selon des plans pr\u00e9\u00e9tablis.<br>le menuisier poseur proc\u00e8de \u00e0 la pose d&rsquo;\u00e9l\u00e9ments de menuiserie fabriqu\u00e9s industriellement. Parfois, il peut aussi adapter les pi\u00e8ces en tenant compte de la disposition des lieux. Dans ce cas, il fabrique lui-m\u00eame des \u00e9l\u00e9ments compl\u00e9mentaires ou des supports pour l&rsquo;ouvrage.<\/p>\n\n\n\n<h1 class=\"wp-block-heading\">La menuiserie en cinq activit\u00e9s<\/h1>\n\n\n<div class=\"wp-block-image\">\n<figure class=\"alignleft size-full is-resized\"><img decoding=\"async\" width=\"1000\" height=\"750\" src=\"https:\/\/www.donboscoverviers.be\/wp-content\/uploads\/2025\/05\/3.jpg\" alt=\"\" class=\"wp-image-90\" style=\"width:459px;height:auto\" srcset=\"https:\/\/www.donboscoverviers.be\/wp-content\/uploads\/2025\/05\/3.jpg 1000w, https:\/\/www.donboscoverviers.be\/wp-content\/uploads\/2025\/05\/3-300x225.jpg 300w, https:\/\/www.donboscoverviers.be\/wp-content\/uploads\/2025\/05\/3-768x576.jpg 768w\" sizes=\"(max-width: 1000px) 100vw, 1000px\" \/><\/figure>\n<\/div>\n\n\n<p>la menuiserie ext\u00e9rieure&nbsp;: r\u00e9alisation et placement de portes et de fen\u00eatres, volets m\u00e9caniques, v\u00e9randas,etc.<br>la menuiserie int\u00e9rieure&nbsp;: r\u00e9alisation et placement de portes int\u00e9rieures, de cuisines, placards, cloisons, faux plafonds,etc.<br>la charpente&nbsp;: r\u00e9alisation de charpentes, de lucarnes, etc.<br>les escaliers&nbsp;: r\u00e9alisation d&rsquo;essences de bois diverses et placement.<br>les parquets&nbsp;: pr\u00e9paration et pose de parquets de divers types.<\/p>\n\n\n\n<p>Le domaine est, on le voit, tr\u00e8s vaste. Si d&rsquo;aucuns pr\u00e9f\u00e8rent se sp\u00e9cialiser dans une branche, d&rsquo;autres combinent les activit\u00e9s de menuisier et de charpentier et, plus couramment, la fabrication et la pose ou la menuiserie int\u00e9rieure et la menuiserie ext\u00e9rieure.<\/p>\n\n\n\n<h1 class=\"wp-block-heading\">Comp\u00e9tences &amp; actions<\/h1>\n\n\n<div class=\"wp-block-image\">\n<figure class=\"alignright size-full is-resized\"><img loading=\"lazy\" decoding=\"async\" width=\"939\" height=\"614\" src=\"https:\/\/www.donboscoverviers.be\/wp-content\/uploads\/2025\/05\/4.jpg\" alt=\"\" class=\"wp-image-93\" style=\"width:512px;height:auto\" srcset=\"https:\/\/www.donboscoverviers.be\/wp-content\/uploads\/2025\/05\/4.jpg 939w, https:\/\/www.donboscoverviers.be\/wp-content\/uploads\/2025\/05\/4-300x196.jpg 300w, https:\/\/www.donboscoverviers.be\/wp-content\/uploads\/2025\/05\/4-768x502.jpg 768w\" sizes=\"(max-width: 939px) 100vw, 939px\" \/><\/figure>\n<\/div>\n\n\n<p>Pouvoir interpr\u00e9ter et respecter les clauses techniques des plans et du cahier des charges<br>Choisir les mat\u00e9riaux appropri\u00e9s et proposer des solutions originales face aux situations impr\u00e9vues<br>Dessiner un avant-projet en utilisant les instruments ou logiciels de dessin ad\u00e9quats<br>Conna\u00eetre les techniques d\u2019assemblage du bois, verre, pvc\u2026<br>Utiliser correctement l\u2019outillage et les machines ex : fil \u00e0 plomb, pinces et tenailles, scies \u00e9lectriques, foreuses\/perceuses, raboteuse\u2026<br>Poss\u00e9der des notions \u00e9l\u00e9mentaires de g\u00e9om\u00e9trie, r\u00e9sistance des mat\u00e9riaux\u2026<br>Connaitre et respecter les normes accoustiques, thermiques, d&rsquo;isolation\u2026<br>Pr\u00e9voir le mat\u00e9riel indispensable en fonction de l\u2019organisation du chantier<br>Etablir les co\u00fbts des mati\u00e8res premi\u00e8res en comparant diff\u00e9rentes offres de prix<br>Se tenir \u00e0 jour concernant les nouvelles techniques, les nouveaux mat\u00e9riaux et les diff\u00e9rentes primes octroy\u00e9es au particulier<br>Respecter les prescriptions en mati\u00e8re de s\u00e9curit\u00e9, d&rsquo;hygi\u00e8ne et d&rsquo;environnement<br>R\u00e9aliser un devis et \u00e9tablir une facture, g\u00e9rer son budget, organiser et pr\u00e9voir l\u2019\u00e9quipement n\u00e9cessaire sur le chantier, encadrer une \u00e9quipe (si ind\u00e9pendant)<\/p>\n\n\n\n<h1 class=\"wp-block-heading\">Savoir-\u00eatre<\/h1>\n\n\n\n<div class=\"wp-block-columns is-layout-flex wp-container-core-columns-is-layout-9d6595d7 wp-block-columns-is-layout-flex\">\n<div class=\"wp-block-column is-layout-flow wp-block-column-is-layout-flow\" style=\"flex-basis:100%\">\n<p class=\"has-text-align-left\">Faire preuve d&rsquo;adresse et de dext\u00e9rit\u00e9<br>Cr\u00e9ativit\u00e9, sens de l\u2019esth\u00e9tique<br>Polyvalence<br>Souci du d\u00e9tail, rigueur, pr\u00e9cision<br>Go\u00fbt pour le travail manuel<br>Curiosit\u00e9 (nouveaux mat\u00e9riaux, nouvelles techniques\u2026)<br>Esprit d&rsquo;\u00e9quipe, pouvoir travailler avec d&rsquo;autres corps de m\u00e9tier.<br>Bonne condition physique, robustesse<\/p>\n<\/div>\n<\/div>\n\n\n\n<h1 class=\"wp-block-heading\">Cadre professionnel<\/h1>\n\n\n\n<p>Le m\u00e9tier de menuisier s&rsquo;exerce aussi bien sur chantier qu&rsquo;en atelier.<\/p>\n\n\n\n<p>Il est aussi fr\u00e9quent que le menuisier pr\u00e9pare en atelier, \u00e0 l&rsquo;aide de machines \u00e0 commande num\u00e9rique, le travail du chantier. Il est aussi souvent amen\u00e9 \u00e0 collaborer avec l&rsquo;entrepreneur et les autres corps de m\u00e9tiers pour se mettre d&rsquo;accord sur les dimensions \u00e0 respecter, les dispositions pratiques relatives au placement des boiseries, le timing, etc.<\/p>\n\n\n\n<p>Les menuisiers peuvent \u00eatre recrut\u00e9s par des entreprises de toutes tailles, actives en menuiserie, menuiserie-charpenterie ou agencement d&rsquo;int\u00e9rieur.<\/p>\n\n\n\n<figure class=\"wp-block-image size-large\"><img loading=\"lazy\" decoding=\"async\" width=\"1024\" height=\"664\" src=\"https:\/\/www.donboscoverviers.be\/wp-content\/uploads\/2025\/05\/5-1-1024x664.png\" alt=\"\" class=\"wp-image-117\" srcset=\"https:\/\/www.donboscoverviers.be\/wp-content\/uploads\/2025\/05\/5-1-1024x664.png 1024w, https:\/\/www.donboscoverviers.be\/wp-content\/uploads\/2025\/05\/5-1-300x195.png 300w, https:\/\/www.donboscoverviers.be\/wp-content\/uploads\/2025\/05\/5-1-768x498.png 768w, https:\/\/www.donboscoverviers.be\/wp-content\/uploads\/2025\/05\/5-1-1536x996.png 1536w, https:\/\/www.donboscoverviers.be\/wp-content\/uploads\/2025\/05\/5-1-2048x1328.png 2048w\" sizes=\"(max-width: 1024px) 100vw, 1024px\" \/><\/figure>\n\n\n\n<h1 class=\"wp-block-heading\">Grilles horaires<\/h1>\n\n\n\n<details class=\"wp-block-details is-layout-flow wp-block-details-is-layout-flow\"><summary><a href=\"#3-4-technique-de-qualification-industrie-du-bois-3tqb\">3-4 TECHNIQUE DE QUALIFICATION &#8211; INDUSTRIE DU BOIS (3TQB)<\/a><\/summary>\n<figure class=\"wp-block-image size-full\"><img loading=\"lazy\" decoding=\"async\" width=\"776\" height=\"600\" src=\"https:\/\/www.donboscoverviers.be\/wp-content\/uploads\/2025\/05\/6.png\" alt=\"\" class=\"wp-image-153\" srcset=\"https:\/\/www.donboscoverviers.be\/wp-content\/uploads\/2025\/05\/6.png 776w, https:\/\/www.donboscoverviers.be\/wp-content\/uploads\/2025\/05\/6-300x232.png 300w, https:\/\/www.donboscoverviers.be\/wp-content\/uploads\/2025\/05\/6-768x594.png 768w\" sizes=\"(max-width: 776px) 100vw, 776px\" \/><\/figure>\n<\/details>\n\n\n\n<details class=\"wp-block-details is-layout-flow wp-block-details-is-layout-flow\"><summary><a href=\"#5-6-technique-de-qualification-technicien-des-industries-du-bois-5tqb\">5-6 TECHNIQUE DE QUALIFICATION &#8211; TECHNICIEN DES INDUSTRIES DU BOIS (5TQB)<\/a><\/summary>\n<figure class=\"wp-block-image size-full\"><img loading=\"lazy\" decoding=\"async\" width=\"776\" height=\"602\" src=\"https:\/\/www.donboscoverviers.be\/wp-content\/uploads\/2025\/05\/7.png\" alt=\"\" class=\"wp-image-158\" srcset=\"https:\/\/www.donboscoverviers.be\/wp-content\/uploads\/2025\/05\/7.png 776w, https:\/\/www.donboscoverviers.be\/wp-content\/uploads\/2025\/05\/7-300x233.png 300w, https:\/\/www.donboscoverviers.be\/wp-content\/uploads\/2025\/05\/7-768x596.png 768w\" sizes=\"(max-width: 776px) 100vw, 776px\" \/><\/figure>\n<\/details>\n\n\n\n<details class=\"wp-block-details is-layout-flow wp-block-details-is-layout-flow\"><summary><a href=\"#3-professionnelle-de-qualification-bois-3pqb\">3 PROFESSIONNELLE DE QUALIFICATION &#8211; BOIS (3PQB)<\/a><\/summary>\n<p><\/p>\n\n\n\n<figure class=\"wp-block-image size-full\"><img loading=\"lazy\" decoding=\"async\" width=\"776\" height=\"580\" src=\"https:\/\/www.donboscoverviers.be\/wp-content\/uploads\/2025\/05\/8.png\" alt=\"\" class=\"wp-image-161\" srcset=\"https:\/\/www.donboscoverviers.be\/wp-content\/uploads\/2025\/05\/8.png 776w, https:\/\/www.donboscoverviers.be\/wp-content\/uploads\/2025\/05\/8-300x224.png 300w, https:\/\/www.donboscoverviers.be\/wp-content\/uploads\/2025\/05\/8-768x574.png 768w\" sizes=\"(max-width: 776px) 100vw, 776px\" \/><\/figure>\n<\/details>\n\n\n\n<details class=\"wp-block-details is-layout-flow wp-block-details-is-layout-flow\"><summary><a href=\"#4-5-6-professionnelle-de-qualification-menuisier-dinterieur-et-dexterieur5pqb\">4-5-6 PROFESSIONNELLE DE QUALIFICATION &#8211; MENUISIER D&rsquo;INTERIEUR ET D&rsquo;EXTERIEUR(5PQB)<\/a><\/summary>\n<p><\/p>\n\n\n\n<figure class=\"wp-block-image size-full\"><img loading=\"lazy\" decoding=\"async\" width=\"776\" height=\"574\" src=\"https:\/\/www.donboscoverviers.be\/wp-content\/uploads\/2025\/05\/9.png\" alt=\"\" class=\"wp-image-162\" srcset=\"https:\/\/www.donboscoverviers.be\/wp-content\/uploads\/2025\/05\/9.png 776w, https:\/\/www.donboscoverviers.be\/wp-content\/uploads\/2025\/05\/9-300x222.png 300w, https:\/\/www.donboscoverviers.be\/wp-content\/uploads\/2025\/05\/9-768x568.png 768w\" sizes=\"(max-width: 776px) 100vw, 776px\" \/><\/figure>\n<\/details>\n\n\n\n<details class=\"wp-block-details is-layout-flow wp-block-details-is-layout-flow\"><summary><a href=\"#7-professionnelle-de-qualification-cuisiniste\">7 PROFESSIONNELLE DE QUALIFICATION &#8211; CUISINISTE<\/a><\/summary>\n<p><\/p>\n\n\n\n<figure class=\"wp-block-image size-full\"><img loading=\"lazy\" decoding=\"async\" width=\"776\" height=\"542\" src=\"https:\/\/www.donboscoverviers.be\/wp-content\/uploads\/2025\/05\/10.png\" alt=\"\" class=\"wp-image-164\" srcset=\"https:\/\/www.donboscoverviers.be\/wp-content\/uploads\/2025\/05\/10.png 776w, https:\/\/www.donboscoverviers.be\/wp-content\/uploads\/2025\/05\/10-300x210.png 300w, https:\/\/www.donboscoverviers.be\/wp-content\/uploads\/2025\/05\/10-768x536.png 768w\" sizes=\"(max-width: 776px) 100vw, 776px\" \/><\/figure>\n<\/details>\n","protected":false},"excerpt":{"rendered":"<p>Les m\u00e9tiers du bois Technicien des industries du bois \u2013&nbsp;Technique de qualification Menuisier d&rsquo;int\u00e9rieur et d&rsquo;ext\u00e9rieur \u2013&nbsp;Enseignement professionnel Cuisiniste&nbsp;\u2013 7e ann\u00e9e professionnelle Description Le menuisier est un artisan qui r\u00e9alise des ouvrages en bois pour le b\u00e2timent. Il r\u00e9alise et pose les portes et les fen\u00eatres, mais il s&rsquo;occupe aussi de l&rsquo;agencement int\u00e9rieur, des escaliers. Il travaille essentiellement le bois m\u00eame si les avanc\u00e9es techniques ont permis l&rsquo;arriv\u00e9e de nouveaux mat\u00e9riaux : aluminium, PVC (polychlorure de vinyle), plastique, mat\u00e9riaux composite ou encore plexiglas. Le travail du bois en atelier Le travail du menuisier s&rsquo;effectue principalement en atelier o\u00f9 il choisit&#8230; <\/p>\n","protected":false},"author":1,"featured_media":0,"parent":0,"menu_order":0,"comment_status":"closed","ping_status":"closed","template":"","meta":{"footnotes":""},"class_list":["post-59","page","type-page","status-publish","hentry"],"mb":[],"yoast_head":"<!-- This site is optimized with the Yoast SEO plugin v25.7 - https:\/\/yoast.com\/wordpress\/plugins\/seo\/ -->\n<title>BOIS - Institut Don Bosco Verviers<\/title>\n<meta name=\"robots\" content=\"index, follow, max-snippet:-1, max-image-preview:large, max-video-preview:-1\" \/>\n<link rel=\"canonical\" href=\"https:\/\/www.donboscoverviers.be\/?page_id=59\" \/>\n<meta property=\"og:locale\" content=\"fr_FR\" \/>\n<meta property=\"og:type\" content=\"article\" \/>\n<meta property=\"og:title\" content=\"BOIS - Institut Don Bosco Verviers\" \/>\n<meta property=\"og:description\" content=\"Les m\u00e9tiers du bois Technicien des industries du bois \u2013&nbsp;Technique de qualification Menuisier d&rsquo;int\u00e9rieur et d&rsquo;ext\u00e9rieur \u2013&nbsp;Enseignement professionnel Cuisiniste&nbsp;\u2013 7e ann\u00e9e professionnelle Description Le menuisier est un artisan qui r\u00e9alise des ouvrages en bois pour le b\u00e2timent. Il r\u00e9alise et pose les portes et les fen\u00eatres, mais il s&rsquo;occupe aussi de l&rsquo;agencement int\u00e9rieur, des escaliers. Il travaille essentiellement le bois m\u00eame si les avanc\u00e9es techniques ont permis l&rsquo;arriv\u00e9e de nouveaux mat\u00e9riaux : aluminium, PVC (polychlorure de vinyle), plastique, mat\u00e9riaux composite ou encore plexiglas. Le travail du bois en atelier Le travail du menuisier s&rsquo;effectue principalement en atelier o\u00f9 il choisit...\" \/>\n<meta property=\"og:url\" content=\"https:\/\/www.donboscoverviers.be\/?page_id=59\" \/>\n<meta property=\"og:site_name\" content=\"Institut Don Bosco Verviers\" \/>\n<meta property=\"article:publisher\" content=\"https:\/\/www.facebook.com\/donboscoverviers\/\" \/>\n<meta property=\"article:modified_time\" content=\"2025-05-13T12:14:13+00:00\" \/>\n<meta property=\"og:image\" content=\"https:\/\/www.donboscoverviers.be\/wp-content\/uploads\/2025\/05\/1.jpg\" \/>\n\t<meta property=\"og:image:width\" content=\"276\" \/>\n\t<meta property=\"og:image:height\" content=\"183\" \/>\n\t<meta property=\"og:image:type\" content=\"image\/jpeg\" \/>\n<meta name=\"twitter:card\" content=\"summary_large_image\" \/>\n<meta name=\"twitter:label1\" content=\"Dur\u00e9e de lecture est.\" \/>\n\t<meta name=\"twitter:data1\" content=\"4 minutes\" \/>\n<script type=\"application\/ld+json\" class=\"yoast-schema-graph\">{\"@context\":\"https:\/\/schema.org\",\"@graph\":[{\"@type\":\"WebPage\",\"@id\":\"https:\/\/www.donboscoverviers.be\/?page_id=59\",\"url\":\"https:\/\/www.donboscoverviers.be\/?page_id=59\",\"name\":\"BOIS - Institut Don Bosco Verviers\",\"isPartOf\":{\"@id\":\"https:\/\/www.donboscoverviers.be\/#website\"},\"primaryImageOfPage\":{\"@id\":\"https:\/\/www.donboscoverviers.be\/?page_id=59#primaryimage\"},\"image\":{\"@id\":\"https:\/\/www.donboscoverviers.be\/?page_id=59#primaryimage\"},\"thumbnailUrl\":\"https:\/\/www.donboscoverviers.be\/wp-content\/uploads\/2025\/05\/1.jpg\",\"datePublished\":\"2025-05-13T09:19:24+00:00\",\"dateModified\":\"2025-05-13T12:14:13+00:00\",\"breadcrumb\":{\"@id\":\"https:\/\/www.donboscoverviers.be\/?page_id=59#breadcrumb\"},\"inLanguage\":\"fr-BE\",\"potentialAction\":[{\"@type\":\"ReadAction\",\"target\":[\"https:\/\/www.donboscoverviers.be\/?page_id=59\"]}]},{\"@type\":\"ImageObject\",\"inLanguage\":\"fr-BE\",\"@id\":\"https:\/\/www.donboscoverviers.be\/?page_id=59#primaryimage\",\"url\":\"https:\/\/www.donboscoverviers.be\/wp-content\/uploads\/2025\/05\/1.jpg\",\"contentUrl\":\"https:\/\/www.donboscoverviers.be\/wp-content\/uploads\/2025\/05\/1.jpg\",\"width\":276,\"height\":183},{\"@type\":\"BreadcrumbList\",\"@id\":\"https:\/\/www.donboscoverviers.be\/?page_id=59#breadcrumb\",\"itemListElement\":[{\"@type\":\"ListItem\",\"position\":1,\"name\":\"Accueil\",\"item\":\"https:\/\/www.donboscoverviers.be\/\"},{\"@type\":\"ListItem\",\"position\":2,\"name\":\"BOIS\"}]},{\"@type\":\"WebSite\",\"@id\":\"https:\/\/www.donboscoverviers.be\/#website\",\"url\":\"https:\/\/www.donboscoverviers.be\/\",\"name\":\"Institut Don Bosco Verviers\",\"description\":\"\",\"publisher\":{\"@id\":\"https:\/\/www.donboscoverviers.be\/#organization\"},\"potentialAction\":[{\"@type\":\"SearchAction\",\"target\":{\"@type\":\"EntryPoint\",\"urlTemplate\":\"https:\/\/www.donboscoverviers.be\/?s={search_term_string}\"},\"query-input\":{\"@type\":\"PropertyValueSpecification\",\"valueRequired\":true,\"valueName\":\"search_term_string\"}}],\"inLanguage\":\"fr-BE\"},{\"@type\":\"Organization\",\"@id\":\"https:\/\/www.donboscoverviers.be\/#organization\",\"name\":\"Institut Don Bosco Verviers\",\"url\":\"https:\/\/www.donboscoverviers.be\/\",\"logo\":{\"@type\":\"ImageObject\",\"inLanguage\":\"fr-BE\",\"@id\":\"https:\/\/www.donboscoverviers.be\/#\/schema\/logo\/image\/\",\"url\":\"https:\/\/www.donboscoverviers.be\/wp-content\/uploads\/2025\/05\/images.png\",\"contentUrl\":\"https:\/\/www.donboscoverviers.be\/wp-content\/uploads\/2025\/05\/images.png\",\"width\":218,\"height\":168,\"caption\":\"Institut Don Bosco Verviers\"},\"image\":{\"@id\":\"https:\/\/www.donboscoverviers.be\/#\/schema\/logo\/image\/\"},\"sameAs\":[\"https:\/\/www.facebook.com\/donboscoverviers\/\",\"https:\/\/www.instagram.com\/donboscoverviers\/\",\"https:\/\/www.youtube.com\/channel\/UCCj_SB_Psb_AzTCYJaMPZrg\"]}]}<\/script>\n<!-- \/ Yoast SEO plugin. -->","yoast_head_json":{"title":"BOIS - Institut Don Bosco Verviers","robots":{"index":"index","follow":"follow","max-snippet":"max-snippet:-1","max-image-preview":"max-image-preview:large","max-video-preview":"max-video-preview:-1"},"canonical":"https:\/\/www.donboscoverviers.be\/?page_id=59","og_locale":"fr_FR","og_type":"article","og_title":"BOIS - Institut Don Bosco Verviers","og_description":"Les m\u00e9tiers du bois Technicien des industries du bois \u2013&nbsp;Technique de qualification Menuisier d&rsquo;int\u00e9rieur et d&rsquo;ext\u00e9rieur \u2013&nbsp;Enseignement professionnel Cuisiniste&nbsp;\u2013 7e ann\u00e9e professionnelle Description Le menuisier est un artisan qui r\u00e9alise des ouvrages en bois pour le b\u00e2timent. Il r\u00e9alise et pose les portes et les fen\u00eatres, mais il s&rsquo;occupe aussi de l&rsquo;agencement int\u00e9rieur, des escaliers. Il travaille essentiellement le bois m\u00eame si les avanc\u00e9es techniques ont permis l&rsquo;arriv\u00e9e de nouveaux mat\u00e9riaux : aluminium, PVC (polychlorure de vinyle), plastique, mat\u00e9riaux composite ou encore plexiglas. Le travail du bois en atelier Le travail du menuisier s&rsquo;effectue principalement en atelier o\u00f9 il choisit...","og_url":"https:\/\/www.donboscoverviers.be\/?page_id=59","og_site_name":"Institut Don Bosco Verviers","article_publisher":"https:\/\/www.facebook.com\/donboscoverviers\/","article_modified_time":"2025-05-13T12:14:13+00:00","og_image":[{"width":276,"height":183,"url":"https:\/\/www.donboscoverviers.be\/wp-content\/uploads\/2025\/05\/1.jpg","type":"image\/jpeg"}],"twitter_card":"summary_large_image","twitter_misc":{"Dur\u00e9e de lecture est.":"4 minutes"},"schema":{"@context":"https:\/\/schema.org","@graph":[{"@type":"WebPage","@id":"https:\/\/www.donboscoverviers.be\/?page_id=59","url":"https:\/\/www.donboscoverviers.be\/?page_id=59","name":"BOIS - Institut Don Bosco Verviers","isPartOf":{"@id":"https:\/\/www.donboscoverviers.be\/#website"},"primaryImageOfPage":{"@id":"https:\/\/www.donboscoverviers.be\/?page_id=59#primaryimage"},"image":{"@id":"https:\/\/www.donboscoverviers.be\/?page_id=59#primaryimage"},"thumbnailUrl":"https:\/\/www.donboscoverviers.be\/wp-content\/uploads\/2025\/05\/1.jpg","datePublished":"2025-05-13T09:19:24+00:00","dateModified":"2025-05-13T12:14:13+00:00","breadcrumb":{"@id":"https:\/\/www.donboscoverviers.be\/?page_id=59#breadcrumb"},"inLanguage":"fr-BE","potentialAction":[{"@type":"ReadAction","target":["https:\/\/www.donboscoverviers.be\/?page_id=59"]}]},{"@type":"ImageObject","inLanguage":"fr-BE","@id":"https:\/\/www.donboscoverviers.be\/?page_id=59#primaryimage","url":"https:\/\/www.donboscoverviers.be\/wp-content\/uploads\/2025\/05\/1.jpg","contentUrl":"https:\/\/www.donboscoverviers.be\/wp-content\/uploads\/2025\/05\/1.jpg","width":276,"height":183},{"@type":"BreadcrumbList","@id":"https:\/\/www.donboscoverviers.be\/?page_id=59#breadcrumb","itemListElement":[{"@type":"ListItem","position":1,"name":"Accueil","item":"https:\/\/www.donboscoverviers.be\/"},{"@type":"ListItem","position":2,"name":"BOIS"}]},{"@type":"WebSite","@id":"https:\/\/www.donboscoverviers.be\/#website","url":"https:\/\/www.donboscoverviers.be\/","name":"Institut Don Bosco Verviers","description":"","publisher":{"@id":"https:\/\/www.donboscoverviers.be\/#organization"},"potentialAction":[{"@type":"SearchAction","target":{"@type":"EntryPoint","urlTemplate":"https:\/\/www.donboscoverviers.be\/?s={search_term_string}"},"query-input":{"@type":"PropertyValueSpecification","valueRequired":true,"valueName":"search_term_string"}}],"inLanguage":"fr-BE"},{"@type":"Organization","@id":"https:\/\/www.donboscoverviers.be\/#organization","name":"Institut Don Bosco Verviers","url":"https:\/\/www.donboscoverviers.be\/","logo":{"@type":"ImageObject","inLanguage":"fr-BE","@id":"https:\/\/www.donboscoverviers.be\/#\/schema\/logo\/image\/","url":"https:\/\/www.donboscoverviers.be\/wp-content\/uploads\/2025\/05\/images.png","contentUrl":"https:\/\/www.donboscoverviers.be\/wp-content\/uploads\/2025\/05\/images.png","width":218,"height":168,"caption":"Institut Don Bosco Verviers"},"image":{"@id":"https:\/\/www.donboscoverviers.be\/#\/schema\/logo\/image\/"},"sameAs":["https:\/\/www.facebook.com\/donboscoverviers\/","https:\/\/www.instagram.com\/donboscoverviers\/","https:\/\/www.youtube.com\/channel\/UCCj_SB_Psb_AzTCYJaMPZrg"]}]}},"mfb_rest_fields":["title","yoast_head","yoast_head_json","gutenberg_elementor_mode"],"_links":{"self":[{"href":"https:\/\/www.donboscoverviers.be\/index.php?rest_route=\/wp\/v2\/pages\/59","targetHints":{"allow":["GET"]}}],"collection":[{"href":"https:\/\/www.donboscoverviers.be\/index.php?rest_route=\/wp\/v2\/pages"}],"about":[{"href":"https:\/\/www.donboscoverviers.be\/index.php?rest_route=\/wp\/v2\/types\/page"}],"author":[{"embeddable":true,"href":"https:\/\/www.donboscoverviers.be\/index.php?rest_route=\/wp\/v2\/users\/1"}],"replies":[{"embeddable":true,"href":"https:\/\/www.donboscoverviers.be\/index.php?rest_route=%2Fwp%2Fv2%2Fcomments&post=59"}],"version-history":[{"count":10,"href":"https:\/\/www.donboscoverviers.be\/index.php?rest_route=\/wp\/v2\/pages\/59\/revisions"}],"predecessor-version":[{"id":399,"href":"https:\/\/www.donboscoverviers.be\/index.php?rest_route=\/wp\/v2\/pages\/59\/revisions\/399"}],"wp:attachment":[{"href":"https:\/\/www.donboscoverviers.be\/index.php?rest_route=%2Fwp%2Fv2%2Fmedia&parent=59"}],"curies":[{"name":"wp","href":"https:\/\/api.w.org\/{rel}","templated":true}]}}