{"id":89,"date":"2025-05-13T11:51:58","date_gmt":"2025-05-13T09:51:58","guid":{"rendered":"https:\/\/www.donboscoverviers.be\/?page_id=89"},"modified":"2025-05-13T13:48:16","modified_gmt":"2025-05-13T11:48:16","slug":"mecanique","status":"publish","type":"page","link":"https:\/\/www.donboscoverviers.be\/?page_id=89","title":{"rendered":"M\u00c9CANIQUE"},"content":{"rendered":"\n<h2 class=\"wp-block-heading\">Les m\u00e9tiers de la m\u00e9canique<\/h2>\n\n\n\n<p>                                                  <strong>Maintenance des \u00e9quipements techniques<\/strong>\u00a0\u2013\u00a07\u00e8me ann\u00e9e professionnelle<\/p>\n\n\n\n<p>                                                   <strong>Soudeur cordon d&rsquo;angle \u2013\u00a0<\/strong>Enseignement professionnel<\/p>\n\n\n\n<p>                                                  <strong>Soudeur sur t\u00f4les et tubes<\/strong>\u00a0\u2013\u00a07\u00e8me ann\u00e9e professionnelle<\/p>\n\n\n\n<div class=\"wp-block-group is-layout-grid wp-container-core-group-is-layout-9649a0d9 wp-block-group-is-layout-grid\">\n<figure class=\"wp-block-embed is-type-video is-provider-youtube wp-block-embed-youtube wp-embed-aspect-16-9 wp-has-aspect-ratio wp-container-content-5f80b302\"><div class=\"wp-block-embed__wrapper\">\n<iframe title=\"M\u00e9canicien d&#039;entretien\" width=\"500\" height=\"281\" src=\"https:\/\/www.youtube.com\/embed\/YlYIXADtyTU?feature=oembed\" frameborder=\"0\" allow=\"accelerometer; autoplay; clipboard-write; encrypted-media; gyroscope; picture-in-picture; web-share\" referrerpolicy=\"strict-origin-when-cross-origin\" allowfullscreen><\/iframe>\n<\/div><\/figure>\n\n\n\n<figure class=\"wp-block-embed is-type-video is-provider-youtube wp-block-embed-youtube wp-embed-aspect-16-9 wp-has-aspect-ratio wp-container-content-5f80b302\"><div class=\"wp-block-embed__wrapper\">\n<iframe title=\"Metailler soudeur\" width=\"500\" height=\"281\" src=\"https:\/\/www.youtube.com\/embed\/WV6sIr4_ANU?feature=oembed\" frameborder=\"0\" allow=\"accelerometer; autoplay; clipboard-write; encrypted-media; gyroscope; picture-in-picture; web-share\" referrerpolicy=\"strict-origin-when-cross-origin\" allowfullscreen><\/iframe>\n<\/div><\/figure>\n<\/div>\n\n\n\n<h2 class=\"wp-block-heading\">Description<\/h2>\n\n\n<div class=\"wp-block-image\">\n<figure class=\"alignright size-full\"><img fetchpriority=\"high\" decoding=\"async\" width=\"300\" height=\"300\" src=\"https:\/\/www.donboscoverviers.be\/wp-content\/uploads\/2025\/05\/25_4.jpg\" alt=\"\" class=\"wp-image-174\" srcset=\"https:\/\/www.donboscoverviers.be\/wp-content\/uploads\/2025\/05\/25_4.jpg 300w, https:\/\/www.donboscoverviers.be\/wp-content\/uploads\/2025\/05\/25_4-150x150.jpg 150w\" sizes=\"(max-width: 300px) 100vw, 300px\" \/><\/figure>\n<\/div>\n\n\n<p>La fili\u00e8re de la m\u00e9canique offre d&rsquo;excellents d\u00e9bouch\u00e9s \u00e0 tout niveau et pas seulement dans l&rsquo;automobile ou l&rsquo;a\u00e9ronautique. Exemples de sp\u00e9cialit\u00e9s industrielles qui cherchent \u00e0 recruter : chaudronnerie, tuyauterie, soudure ou maintenance. Des m\u00e9tiers qui passionnent les esprits concrets.<\/p>\n\n\n\n<p>Avant de devenir un \u00e9l\u00e9ment m\u00e9canique constitutif du moteur d\u2019un scooter ou du m\u00e9canisme d\u2019une montre, le m\u00e9tal doit \u00eatre \u00e9tir\u00e9, d\u00e9coup\u00e9, transform\u00e9, embouti, soud\u00e9, trait\u00e9\u2026<\/p>\n\n\n\n<p><\/p>\n\n\n\n<p><br><br><\/p>\n\n\n\n<p><\/p>\n\n\n\n<p><\/p>\n\n\n\n<p><\/p>\n\n\n\n<p><\/p>\n\n\n\n<p><\/p>\n\n\n\n<p><\/p>\n\n\n\n<p><\/p>\n\n\n\n<p><\/p>\n\n\n\n<p><\/p>\n\n\n\n<p><\/p>\n\n\n\n<p><\/p>\n\n\n\n<p><\/p>\n\n\n\n<p><\/p>\n\n\n\n<p><br><br><\/p>\n\n\n<div class=\"wp-block-image\">\n<figure class=\"alignleft size-full is-resized\"><img decoding=\"async\" width=\"300\" height=\"199\" src=\"https:\/\/www.donboscoverviers.be\/wp-content\/uploads\/2025\/05\/LP_TU2-1.jpg\" alt=\"\" class=\"wp-image-181\" style=\"width:325px;height:auto\"\/><\/figure>\n<\/div>\n\n\n<p><strong>Op\u00e9rateur d&rsquo;usinage sur machine \u00e0 commande num\u00e9rique<\/strong><\/p>\n\n\n\n<p>L&rsquo;op\u00e9rateur d&rsquo;usinage, autrefois appel\u00e9 \u00ab tourneur-fraiseur \u00bb, fabrique des pi\u00e8ces m\u00e9talliques destin\u00e9es \u00e0 \u00eatre utilis\u00e9es dans la construction d&rsquo;automobiles, d&rsquo;avions, d&rsquo;\u00e9quipements industriels ou d&rsquo;appareils m\u00e9nagers, par exemple. Gr\u00e2ce aux nouveaux \u00e9quipements industriels, il travaille de moins en moins la mati\u00e8re \u00e0 la main et pilote des machines-outils automatis\u00e9es.<\/p>\n\n\n\n<p>Les ouvriers qualifi\u00e9s sachant piloter des machines \u00e0 commande num\u00e9rique ne sont pas assez nombreux. Toutes les industries m\u00e9caniques recrutent les op\u00e9rateurs d&rsquo;usinage : automobile, aviation, constructeurs d&rsquo;engins de chantier, fabricants de machines-outils ou d&rsquo;\u00e9quipements industriels, etc.<br><br><br><br><\/p>\n\n\n<div class=\"wp-block-image\">\n<figure class=\"alignright size-full\"><img decoding=\"async\" width=\"323\" height=\"214\" src=\"https:\/\/www.donboscoverviers.be\/wp-content\/uploads\/2025\/05\/709911.jpg\" alt=\"\" class=\"wp-image-188\" srcset=\"https:\/\/www.donboscoverviers.be\/wp-content\/uploads\/2025\/05\/709911.jpg 323w, https:\/\/www.donboscoverviers.be\/wp-content\/uploads\/2025\/05\/709911-300x199.jpg 300w\" sizes=\"(max-width: 323px) 100vw, 323px\" \/><\/figure>\n<\/div>\n\n\n<p><strong>Le soudage<\/strong><\/p>\n\n\n\n<p>Le soudeur est celui qui assemble les pi\u00e8ces d&rsquo;un objet ou d&rsquo;une machine, ou r\u00e9pare une construction en service. La soudure peut se faire sur de minuscules composants \u00e9lectroniques comme de tr\u00e8s grands ensembles (navires, centrales nucl\u00e9aires, usines\u2026).<\/p>\n\n\n\n<p>Premier avantage du m\u00e9tier, l\u00e0 encore, les facilit\u00e9s d&#8217;embauche vu la p\u00e9nurie de candidats.<\/p>\n\n\n<div class=\"wp-block-image\">\n<figure class=\"alignleft size-full is-resized\"><img loading=\"lazy\" decoding=\"async\" width=\"1024\" height=\"683\" src=\"https:\/\/www.donboscoverviers.be\/wp-content\/uploads\/2025\/05\/slider3.png\" alt=\"\" class=\"wp-image-191\" style=\"width:501px;height:auto\" srcset=\"https:\/\/www.donboscoverviers.be\/wp-content\/uploads\/2025\/05\/slider3.png 1024w, https:\/\/www.donboscoverviers.be\/wp-content\/uploads\/2025\/05\/slider3-300x200.png 300w, https:\/\/www.donboscoverviers.be\/wp-content\/uploads\/2025\/05\/slider3-768x512.png 768w\" sizes=\"(max-width: 1024px) 100vw, 1024px\" \/><\/figure>\n<\/div>\n\n\n<p><br><br><br><br>L<strong>a maintenance industrielle<\/strong><\/p>\n\n\n\n<p>\u00a0A c\u00f4t\u00e9 des m\u00e9tiers vedettes de la maintenance a\u00e9ronautique ou automobile, on oublie vite en effet que tous les \u00e9quipements industriels doivent \u00eatre entretenus ou r\u00e9par\u00e9s. Des m\u00e9tiers \u00e0 forte technicit\u00e9, qui requi\u00e8rent rigueur, m\u00e9thode, esprit d&rsquo;analyse, patience et curiosit\u00e9. Sans oublier le la capacit\u00e9 \u00e0 s&rsquo;adapter \u00e0 des clients diff\u00e9rents et le go\u00fbt du d\u00e9placement, car les techniciens sont souvent itin\u00e9rants.<br>La maintenance des engins de travaux publics, du mat\u00e9riel de manutention ou des machines agricoles sont des sp\u00e9cialit\u00e9s \u00a0en manque chronique de candidats.<br><br><br><br><br><\/p>\n\n\n\n<figure class=\"wp-block-image size-large\"><img loading=\"lazy\" decoding=\"async\" width=\"1024\" height=\"664\" src=\"https:\/\/www.donboscoverviers.be\/wp-content\/uploads\/2025\/05\/Mecanique-1024x664.png\" alt=\"\" class=\"wp-image-197\" srcset=\"https:\/\/www.donboscoverviers.be\/wp-content\/uploads\/2025\/05\/Mecanique-1024x664.png 1024w, https:\/\/www.donboscoverviers.be\/wp-content\/uploads\/2025\/05\/Mecanique-300x195.png 300w, https:\/\/www.donboscoverviers.be\/wp-content\/uploads\/2025\/05\/Mecanique-768x498.png 768w, https:\/\/www.donboscoverviers.be\/wp-content\/uploads\/2025\/05\/Mecanique-1536x996.png 1536w, https:\/\/www.donboscoverviers.be\/wp-content\/uploads\/2025\/05\/Mecanique-2048x1328.png 2048w\" sizes=\"(max-width: 1024px) 100vw, 1024px\" \/><\/figure>\n\n\n\n<p><\/p>\n\n\n\n<p><\/p>\n\n\n\n<p><br><\/p>\n\n\n\n<details class=\"wp-block-details is-layout-flow wp-block-details-is-layout-flow\"><summary>3 TECHNIQUE DE QUALIFICATION &#8211; \u00c9LECTROM\u00c9CANIQUE (3TQEM)<\/summary>\n<p><\/p>\n\n\n\n<figure class=\"wp-block-image size-full\"><img loading=\"lazy\" decoding=\"async\" width=\"776\" height=\"604\" src=\"https:\/\/www.donboscoverviers.be\/wp-content\/uploads\/2025\/05\/1.png\" alt=\"\" class=\"wp-image-227\" srcset=\"https:\/\/www.donboscoverviers.be\/wp-content\/uploads\/2025\/05\/1.png 776w, https:\/\/www.donboscoverviers.be\/wp-content\/uploads\/2025\/05\/1-300x234.png 300w, https:\/\/www.donboscoverviers.be\/wp-content\/uploads\/2025\/05\/1-768x598.png 768w\" sizes=\"(max-width: 776px) 100vw, 776px\" \/><\/figure>\n\n\n\n<p><\/p>\n<\/details>\n\n\n\n<details class=\"wp-block-details is-layout-flow wp-block-details-is-layout-flow\"><summary>3-4 PROFESSIONNELLE DE QUALIFICATION &#8211; M\u00c9CANIQUE POLYVALENTE (3PQM)<\/summary>\n<p><\/p>\n\n\n\n<figure class=\"wp-block-image size-full\"><img loading=\"lazy\" decoding=\"async\" width=\"776\" height=\"599\" src=\"https:\/\/www.donboscoverviers.be\/wp-content\/uploads\/2025\/05\/2-2.png\" alt=\"\" class=\"wp-image-228\" srcset=\"https:\/\/www.donboscoverviers.be\/wp-content\/uploads\/2025\/05\/2-2.png 776w, https:\/\/www.donboscoverviers.be\/wp-content\/uploads\/2025\/05\/2-2-300x232.png 300w, https:\/\/www.donboscoverviers.be\/wp-content\/uploads\/2025\/05\/2-2-768x593.png 768w\" sizes=\"(max-width: 776px) 100vw, 776px\" \/><\/figure>\n\n\n\n<p><\/p>\n<\/details>\n\n\n\n<details class=\"wp-block-details is-layout-flow wp-block-details-is-layout-flow\"><summary>4-5-6 PROFESSIONNELLE DE QUALIFICATION &#8211; SOUDEUR CORDON D&rsquo;ANGLE (4-5-6PQMS)<\/summary>\n<p><\/p>\n\n\n\n<figure class=\"wp-block-image size-full\"><img loading=\"lazy\" decoding=\"async\" width=\"776\" height=\"557\" src=\"https:\/\/www.donboscoverviers.be\/wp-content\/uploads\/2025\/05\/3.png\" alt=\"\" class=\"wp-image-229\" srcset=\"https:\/\/www.donboscoverviers.be\/wp-content\/uploads\/2025\/05\/3.png 776w, https:\/\/www.donboscoverviers.be\/wp-content\/uploads\/2025\/05\/3-300x215.png 300w, https:\/\/www.donboscoverviers.be\/wp-content\/uploads\/2025\/05\/3-768x551.png 768w\" sizes=\"(max-width: 776px) 100vw, 776px\" \/><\/figure>\n\n\n\n<p><\/p>\n<\/details>\n\n\n\n<details class=\"wp-block-details is-layout-flow wp-block-details-is-layout-flow\"><summary>7 PROFESSIONNELLE DE QUALIFICATION &#8211; COMPL\u00c9MENT EN SOUDAGE SUR T\u00d4LES ET SUR TUBES (7PSTT)<\/summary>\n<p><\/p>\n\n\n\n<figure class=\"wp-block-image size-full\"><img loading=\"lazy\" decoding=\"async\" width=\"776\" height=\"541\" src=\"https:\/\/www.donboscoverviers.be\/wp-content\/uploads\/2025\/05\/4.png\" alt=\"\" class=\"wp-image-230\" srcset=\"https:\/\/www.donboscoverviers.be\/wp-content\/uploads\/2025\/05\/4.png 776w, https:\/\/www.donboscoverviers.be\/wp-content\/uploads\/2025\/05\/4-300x209.png 300w, https:\/\/www.donboscoverviers.be\/wp-content\/uploads\/2025\/05\/4-768x535.png 768w\" sizes=\"(max-width: 776px) 100vw, 776px\" \/><\/figure>\n\n\n\n<p><\/p>\n<\/details>\n\n\n\n<details class=\"wp-block-details is-layout-flow wp-block-details-is-layout-flow\"><summary>7 PROFESSIONNELLE DE QUALIFICATION &#8211; COMPL\u00c9MENT EN MAINTENANCE D\u2019\u00c9QUIPEMENTS TECHNIQUES (7PMET)<\/summary>\n<p><\/p>\n\n\n\n<figure class=\"wp-block-image size-full\"><img loading=\"lazy\" decoding=\"async\" width=\"776\" height=\"543\" src=\"https:\/\/www.donboscoverviers.be\/wp-content\/uploads\/2025\/05\/5-2.png\" alt=\"\" class=\"wp-image-231\" srcset=\"https:\/\/www.donboscoverviers.be\/wp-content\/uploads\/2025\/05\/5-2.png 776w, https:\/\/www.donboscoverviers.be\/wp-content\/uploads\/2025\/05\/5-2-300x210.png 300w, https:\/\/www.donboscoverviers.be\/wp-content\/uploads\/2025\/05\/5-2-768x537.png 768w\" sizes=\"(max-width: 776px) 100vw, 776px\" \/><\/figure>\n\n\n\n<p><\/p>\n<\/details>\n\n\n\n<p><\/p>\n","protected":false},"excerpt":{"rendered":"<p>Les m\u00e9tiers de la m\u00e9canique Maintenance des \u00e9quipements techniques\u00a0\u2013\u00a07\u00e8me ann\u00e9e professionnelle Soudeur cordon d&rsquo;angle \u2013\u00a0Enseignement professionnel Soudeur sur t\u00f4les et tubes\u00a0\u2013\u00a07\u00e8me ann\u00e9e professionnelle Description La fili\u00e8re de la m\u00e9canique offre d&rsquo;excellents d\u00e9bouch\u00e9s \u00e0 tout niveau et pas seulement dans l&rsquo;automobile ou l&rsquo;a\u00e9ronautique. Exemples de sp\u00e9cialit\u00e9s industrielles qui cherchent \u00e0 recruter : chaudronnerie, tuyauterie, soudure ou maintenance. Des m\u00e9tiers qui passionnent les esprits concrets. Avant de devenir un \u00e9l\u00e9ment m\u00e9canique constitutif du moteur d\u2019un scooter ou du m\u00e9canisme d\u2019une montre, le m\u00e9tal doit \u00eatre \u00e9tir\u00e9, d\u00e9coup\u00e9, transform\u00e9, embouti, soud\u00e9, trait\u00e9\u2026 Op\u00e9rateur d&rsquo;usinage sur machine \u00e0 commande num\u00e9rique L&rsquo;op\u00e9rateur d&rsquo;usinage, autrefois appel\u00e9&#8230; <\/p>\n","protected":false},"author":1,"featured_media":0,"parent":0,"menu_order":0,"comment_status":"closed","ping_status":"closed","template":"","meta":{"footnotes":""},"class_list":["post-89","page","type-page","status-publish","hentry"],"mb":[],"yoast_head":"<!-- This site is optimized with the Yoast SEO plugin v25.7 - https:\/\/yoast.com\/wordpress\/plugins\/seo\/ -->\n<title>M\u00c9CANIQUE - Institut Don Bosco Verviers<\/title>\n<meta name=\"robots\" content=\"index, follow, max-snippet:-1, max-image-preview:large, max-video-preview:-1\" \/>\n<link rel=\"canonical\" href=\"https:\/\/www.donboscoverviers.be\/?page_id=89\" \/>\n<meta property=\"og:locale\" content=\"fr_FR\" \/>\n<meta property=\"og:type\" content=\"article\" \/>\n<meta property=\"og:title\" content=\"M\u00c9CANIQUE - Institut Don Bosco Verviers\" \/>\n<meta property=\"og:description\" content=\"Les m\u00e9tiers de la m\u00e9canique Maintenance des \u00e9quipements techniques\u00a0\u2013\u00a07\u00e8me ann\u00e9e professionnelle Soudeur cordon d&rsquo;angle \u2013\u00a0Enseignement professionnel Soudeur sur t\u00f4les et tubes\u00a0\u2013\u00a07\u00e8me ann\u00e9e professionnelle Description La fili\u00e8re de la m\u00e9canique offre d&rsquo;excellents d\u00e9bouch\u00e9s \u00e0 tout niveau et pas seulement dans l&rsquo;automobile ou l&rsquo;a\u00e9ronautique. Exemples de sp\u00e9cialit\u00e9s industrielles qui cherchent \u00e0 recruter : chaudronnerie, tuyauterie, soudure ou maintenance. Des m\u00e9tiers qui passionnent les esprits concrets. Avant de devenir un \u00e9l\u00e9ment m\u00e9canique constitutif du moteur d\u2019un scooter ou du m\u00e9canisme d\u2019une montre, le m\u00e9tal doit \u00eatre \u00e9tir\u00e9, d\u00e9coup\u00e9, transform\u00e9, embouti, soud\u00e9, trait\u00e9\u2026 Op\u00e9rateur d&rsquo;usinage sur machine \u00e0 commande num\u00e9rique L&rsquo;op\u00e9rateur d&rsquo;usinage, autrefois appel\u00e9...\" \/>\n<meta property=\"og:url\" content=\"https:\/\/www.donboscoverviers.be\/?page_id=89\" \/>\n<meta property=\"og:site_name\" content=\"Institut Don Bosco Verviers\" \/>\n<meta property=\"article:publisher\" content=\"https:\/\/www.facebook.com\/donboscoverviers\/\" \/>\n<meta property=\"article:modified_time\" content=\"2025-05-13T11:48:16+00:00\" \/>\n<meta property=\"og:image\" content=\"https:\/\/www.donboscoverviers.be\/wp-content\/uploads\/2025\/05\/25_4.jpg\" \/>\n\t<meta property=\"og:image:width\" content=\"300\" \/>\n\t<meta property=\"og:image:height\" content=\"300\" \/>\n\t<meta property=\"og:image:type\" content=\"image\/jpeg\" \/>\n<meta name=\"twitter:card\" content=\"summary_large_image\" \/>\n<meta name=\"twitter:label1\" content=\"Dur\u00e9e de lecture est.\" \/>\n\t<meta name=\"twitter:data1\" content=\"2 minutes\" \/>\n<script type=\"application\/ld+json\" class=\"yoast-schema-graph\">{\"@context\":\"https:\/\/schema.org\",\"@graph\":[{\"@type\":\"WebPage\",\"@id\":\"https:\/\/www.donboscoverviers.be\/?page_id=89\",\"url\":\"https:\/\/www.donboscoverviers.be\/?page_id=89\",\"name\":\"M\u00c9CANIQUE - Institut Don Bosco Verviers\",\"isPartOf\":{\"@id\":\"https:\/\/www.donboscoverviers.be\/#website\"},\"primaryImageOfPage\":{\"@id\":\"https:\/\/www.donboscoverviers.be\/?page_id=89#primaryimage\"},\"image\":{\"@id\":\"https:\/\/www.donboscoverviers.be\/?page_id=89#primaryimage\"},\"thumbnailUrl\":\"https:\/\/www.donboscoverviers.be\/wp-content\/uploads\/2025\/05\/25_4.jpg\",\"datePublished\":\"2025-05-13T09:51:58+00:00\",\"dateModified\":\"2025-05-13T11:48:16+00:00\",\"breadcrumb\":{\"@id\":\"https:\/\/www.donboscoverviers.be\/?page_id=89#breadcrumb\"},\"inLanguage\":\"fr-BE\",\"potentialAction\":[{\"@type\":\"ReadAction\",\"target\":[\"https:\/\/www.donboscoverviers.be\/?page_id=89\"]}]},{\"@type\":\"ImageObject\",\"inLanguage\":\"fr-BE\",\"@id\":\"https:\/\/www.donboscoverviers.be\/?page_id=89#primaryimage\",\"url\":\"https:\/\/www.donboscoverviers.be\/wp-content\/uploads\/2025\/05\/25_4.jpg\",\"contentUrl\":\"https:\/\/www.donboscoverviers.be\/wp-content\/uploads\/2025\/05\/25_4.jpg\",\"width\":300,\"height\":300},{\"@type\":\"BreadcrumbList\",\"@id\":\"https:\/\/www.donboscoverviers.be\/?page_id=89#breadcrumb\",\"itemListElement\":[{\"@type\":\"ListItem\",\"position\":1,\"name\":\"Accueil\",\"item\":\"https:\/\/www.donboscoverviers.be\/\"},{\"@type\":\"ListItem\",\"position\":2,\"name\":\"M\u00c9CANIQUE\"}]},{\"@type\":\"WebSite\",\"@id\":\"https:\/\/www.donboscoverviers.be\/#website\",\"url\":\"https:\/\/www.donboscoverviers.be\/\",\"name\":\"Institut Don Bosco Verviers\",\"description\":\"\",\"publisher\":{\"@id\":\"https:\/\/www.donboscoverviers.be\/#organization\"},\"potentialAction\":[{\"@type\":\"SearchAction\",\"target\":{\"@type\":\"EntryPoint\",\"urlTemplate\":\"https:\/\/www.donboscoverviers.be\/?s={search_term_string}\"},\"query-input\":{\"@type\":\"PropertyValueSpecification\",\"valueRequired\":true,\"valueName\":\"search_term_string\"}}],\"inLanguage\":\"fr-BE\"},{\"@type\":\"Organization\",\"@id\":\"https:\/\/www.donboscoverviers.be\/#organization\",\"name\":\"Institut Don Bosco Verviers\",\"url\":\"https:\/\/www.donboscoverviers.be\/\",\"logo\":{\"@type\":\"ImageObject\",\"inLanguage\":\"fr-BE\",\"@id\":\"https:\/\/www.donboscoverviers.be\/#\/schema\/logo\/image\/\",\"url\":\"https:\/\/www.donboscoverviers.be\/wp-content\/uploads\/2025\/05\/images.png\",\"contentUrl\":\"https:\/\/www.donboscoverviers.be\/wp-content\/uploads\/2025\/05\/images.png\",\"width\":218,\"height\":168,\"caption\":\"Institut Don Bosco Verviers\"},\"image\":{\"@id\":\"https:\/\/www.donboscoverviers.be\/#\/schema\/logo\/image\/\"},\"sameAs\":[\"https:\/\/www.facebook.com\/donboscoverviers\/\",\"https:\/\/www.instagram.com\/donboscoverviers\/\",\"https:\/\/www.youtube.com\/channel\/UCCj_SB_Psb_AzTCYJaMPZrg\"]}]}<\/script>\n<!-- \/ Yoast SEO plugin. -->","yoast_head_json":{"title":"M\u00c9CANIQUE - Institut Don Bosco Verviers","robots":{"index":"index","follow":"follow","max-snippet":"max-snippet:-1","max-image-preview":"max-image-preview:large","max-video-preview":"max-video-preview:-1"},"canonical":"https:\/\/www.donboscoverviers.be\/?page_id=89","og_locale":"fr_FR","og_type":"article","og_title":"M\u00c9CANIQUE - Institut Don Bosco Verviers","og_description":"Les m\u00e9tiers de la m\u00e9canique Maintenance des \u00e9quipements techniques\u00a0\u2013\u00a07\u00e8me ann\u00e9e professionnelle Soudeur cordon d&rsquo;angle \u2013\u00a0Enseignement professionnel Soudeur sur t\u00f4les et tubes\u00a0\u2013\u00a07\u00e8me ann\u00e9e professionnelle Description La fili\u00e8re de la m\u00e9canique offre d&rsquo;excellents d\u00e9bouch\u00e9s \u00e0 tout niveau et pas seulement dans l&rsquo;automobile ou l&rsquo;a\u00e9ronautique. Exemples de sp\u00e9cialit\u00e9s industrielles qui cherchent \u00e0 recruter : chaudronnerie, tuyauterie, soudure ou maintenance. Des m\u00e9tiers qui passionnent les esprits concrets. Avant de devenir un \u00e9l\u00e9ment m\u00e9canique constitutif du moteur d\u2019un scooter ou du m\u00e9canisme d\u2019une montre, le m\u00e9tal doit \u00eatre \u00e9tir\u00e9, d\u00e9coup\u00e9, transform\u00e9, embouti, soud\u00e9, trait\u00e9\u2026 Op\u00e9rateur d&rsquo;usinage sur machine \u00e0 commande num\u00e9rique L&rsquo;op\u00e9rateur d&rsquo;usinage, autrefois appel\u00e9...","og_url":"https:\/\/www.donboscoverviers.be\/?page_id=89","og_site_name":"Institut Don Bosco Verviers","article_publisher":"https:\/\/www.facebook.com\/donboscoverviers\/","article_modified_time":"2025-05-13T11:48:16+00:00","og_image":[{"width":300,"height":300,"url":"https:\/\/www.donboscoverviers.be\/wp-content\/uploads\/2025\/05\/25_4.jpg","type":"image\/jpeg"}],"twitter_card":"summary_large_image","twitter_misc":{"Dur\u00e9e de lecture est.":"2 minutes"},"schema":{"@context":"https:\/\/schema.org","@graph":[{"@type":"WebPage","@id":"https:\/\/www.donboscoverviers.be\/?page_id=89","url":"https:\/\/www.donboscoverviers.be\/?page_id=89","name":"M\u00c9CANIQUE - Institut Don Bosco Verviers","isPartOf":{"@id":"https:\/\/www.donboscoverviers.be\/#website"},"primaryImageOfPage":{"@id":"https:\/\/www.donboscoverviers.be\/?page_id=89#primaryimage"},"image":{"@id":"https:\/\/www.donboscoverviers.be\/?page_id=89#primaryimage"},"thumbnailUrl":"https:\/\/www.donboscoverviers.be\/wp-content\/uploads\/2025\/05\/25_4.jpg","datePublished":"2025-05-13T09:51:58+00:00","dateModified":"2025-05-13T11:48:16+00:00","breadcrumb":{"@id":"https:\/\/www.donboscoverviers.be\/?page_id=89#breadcrumb"},"inLanguage":"fr-BE","potentialAction":[{"@type":"ReadAction","target":["https:\/\/www.donboscoverviers.be\/?page_id=89"]}]},{"@type":"ImageObject","inLanguage":"fr-BE","@id":"https:\/\/www.donboscoverviers.be\/?page_id=89#primaryimage","url":"https:\/\/www.donboscoverviers.be\/wp-content\/uploads\/2025\/05\/25_4.jpg","contentUrl":"https:\/\/www.donboscoverviers.be\/wp-content\/uploads\/2025\/05\/25_4.jpg","width":300,"height":300},{"@type":"BreadcrumbList","@id":"https:\/\/www.donboscoverviers.be\/?page_id=89#breadcrumb","itemListElement":[{"@type":"ListItem","position":1,"name":"Accueil","item":"https:\/\/www.donboscoverviers.be\/"},{"@type":"ListItem","position":2,"name":"M\u00c9CANIQUE"}]},{"@type":"WebSite","@id":"https:\/\/www.donboscoverviers.be\/#website","url":"https:\/\/www.donboscoverviers.be\/","name":"Institut Don Bosco Verviers","description":"","publisher":{"@id":"https:\/\/www.donboscoverviers.be\/#organization"},"potentialAction":[{"@type":"SearchAction","target":{"@type":"EntryPoint","urlTemplate":"https:\/\/www.donboscoverviers.be\/?s={search_term_string}"},"query-input":{"@type":"PropertyValueSpecification","valueRequired":true,"valueName":"search_term_string"}}],"inLanguage":"fr-BE"},{"@type":"Organization","@id":"https:\/\/www.donboscoverviers.be\/#organization","name":"Institut Don Bosco Verviers","url":"https:\/\/www.donboscoverviers.be\/","logo":{"@type":"ImageObject","inLanguage":"fr-BE","@id":"https:\/\/www.donboscoverviers.be\/#\/schema\/logo\/image\/","url":"https:\/\/www.donboscoverviers.be\/wp-content\/uploads\/2025\/05\/images.png","contentUrl":"https:\/\/www.donboscoverviers.be\/wp-content\/uploads\/2025\/05\/images.png","width":218,"height":168,"caption":"Institut Don Bosco Verviers"},"image":{"@id":"https:\/\/www.donboscoverviers.be\/#\/schema\/logo\/image\/"},"sameAs":["https:\/\/www.facebook.com\/donboscoverviers\/","https:\/\/www.instagram.com\/donboscoverviers\/","https:\/\/www.youtube.com\/channel\/UCCj_SB_Psb_AzTCYJaMPZrg"]}]}},"mfb_rest_fields":["title","yoast_head","yoast_head_json","gutenberg_elementor_mode"],"_links":{"self":[{"href":"https:\/\/www.donboscoverviers.be\/index.php?rest_route=\/wp\/v2\/pages\/89","targetHints":{"allow":["GET"]}}],"collection":[{"href":"https:\/\/www.donboscoverviers.be\/index.php?rest_route=\/wp\/v2\/pages"}],"about":[{"href":"https:\/\/www.donboscoverviers.be\/index.php?rest_route=\/wp\/v2\/types\/page"}],"author":[{"embeddable":true,"href":"https:\/\/www.donboscoverviers.be\/index.php?rest_route=\/wp\/v2\/users\/1"}],"replies":[{"embeddable":true,"href":"https:\/\/www.donboscoverviers.be\/index.php?rest_route=%2Fwp%2Fv2%2Fcomments&post=89"}],"version-history":[{"count":22,"href":"https:\/\/www.donboscoverviers.be\/index.php?rest_route=\/wp\/v2\/pages\/89\/revisions"}],"predecessor-version":[{"id":327,"href":"https:\/\/www.donboscoverviers.be\/index.php?rest_route=\/wp\/v2\/pages\/89\/revisions\/327"}],"wp:attachment":[{"href":"https:\/\/www.donboscoverviers.be\/index.php?rest_route=%2Fwp%2Fv2%2Fmedia&parent=89"}],"curies":[{"name":"wp","href":"https:\/\/api.w.org\/{rel}","templated":true}]}}